{"id":72,"date":"2025-07-07T17:17:10","date_gmt":"2025-07-07T17:17:10","guid":{"rendered":"https:\/\/colombialegaledge.co\/about-us\/"},"modified":"2025-07-28T13:19:39","modified_gmt":"2025-07-28T13:19:39","slug":"about-us","status":"publish","type":"page","link":"https:\/\/colombialegaledge.co\/es\/about-us\/","title":{"rendered":"Nosotras"},"content":{"rendered":"<div class=\"wp-block-uagb-container uagb-block-vfufb4kf alignfull uagb-is-root-container\"><div class=\"uagb-container-inner-blocks-wrap\">\n<div class=\"wp-block-uagb-container uagb-block-o6fr64mc\">\n<div class=\"wp-block-uagb-info-box uagb-block-mgxjzto2 uagb-infobox__content-wrap  uagb-infobox-icon-above-title uagb-infobox-image-valign-top\"><div class=\"uagb-ifb-content\"><div class=\"uagb-ifb-title-wrap\"><p class=\"uagb-ifb-title-prefix\">Nuestra historia<\/p><h2 class=\"uagb-ifb-title\">El camino contin\u00faa<\/h2><\/div><p class=\"uagb-ifb-desc\">Solo podemos imaginar lo intimidante que puede ser intentar constituir tu primera empresa en la C\u00e1mara de Comercio o comprar tu primera propiedad en Medell\u00edn. Despu\u00e9s de asesorar a cientos de clientes en entornos tradicionales, decidimos unir fuerzas para ofrecer algo m\u00e1s personal, \u00e1gil y enfocado en las necesidades de nuestros clientes.<br><br>Con m\u00e1s de treinta a\u00f1os de experiencia combinada, estamos comprometidas a ofrecer soluciones legales claras y pr\u00e1cticas, y a ir m\u00e1s all\u00e1 para asegurarnos de que cada detalle cuente con los m\u00e1s altos est\u00e1ndares de servicio.<br><br>Y s\u00ed, somos madre e hija.<\/p><\/div><\/div>\n\n\n\n<div class=\"wp-block-uagb-buttons uagb-buttons__outer-wrap uagb-btn__default-btn uagb-btn-tablet__default-btn uagb-btn-mobile__default-btn uagb-block-jtkp774q\"><div class=\"uagb-buttons__wrap uagb-buttons-layout-wrap\">\n<div class=\"wp-block-uagb-buttons-child uagb-buttons__outer-wrap uagb-block-df2e8399 wp-block-button\"><div class=\"uagb-button__wrapper\"><a class=\"uagb-buttons-repeater wp-block-button__link\" aria-label=\"\" href=\"https:\/\/calendly.com\/juliana-colombialegaledge\/30min\" rel=\"follow noopener\" target=\"_self\" role=\"button\"><div class=\"uagb-button__link\">Agenda una consulta gratuita<\/div><\/a><\/div><\/div>\n<\/div><\/div>\n<\/div>\n\n\n\n<div class=\"wp-block-uagb-container uagb-block-bs0c76ja\">\n<div class=\"wp-block-uagb-image alignleft uagb-block-kijvqcga wp-block-uagb-image--layout-default wp-block-uagb-image--effect-static wp-block-uagb-image--align-left\"><figure class=\"wp-block-uagb-image__figure\"><img decoding=\"async\" srcset=\"https:\/\/colombialegaledge.co\/wp-content\/uploads\/2025\/07\/MAD_6994-1024x683.jpg ,https:\/\/colombialegaledge.co\/wp-content\/uploads\/2025\/07\/MAD_6994-scaled.jpg 780w, https:\/\/colombialegaledge.co\/wp-content\/uploads\/2025\/07\/MAD_6994-scaled.jpg 360w\" sizes=\"auto, (max-width: 480px) 150px\" src=\"https:\/\/colombialegaledge.co\/wp-content\/uploads\/2025\/07\/MAD_6994-1024x683.jpg\" alt=\"A picture of Juliana, one of the founders of Colombia Legal Edge\" class=\"uag-image-1274\" width=\"287\" height=\"360\" title=\"A picture of Juliana, one of the founders of Colombia Legal Edge\" loading=\"lazy\" role=\"img\"\/><figcaption class=\"uagb-image-caption\">Juliana es abogada corporativa y emprendedora con 8 a\u00f1os de experiencia en industrias altamente reguladas, asesor\u00eda a clientes internacionales y estructuraci\u00f3n de veh\u00edculos de inversi\u00f3n para apoyar rondas de financiaci\u00f3n complejas.<\/figcaption><\/figure><\/div>\n\n\n\n<div class=\"wp-block-uagb-image alignleft uagb-block-u7kk2jqo wp-block-uagb-image--layout-default wp-block-uagb-image--effect-static wp-block-uagb-image--align-left\"><figure class=\"wp-block-uagb-image__figure\"><img decoding=\"async\" srcset=\"https:\/\/colombialegaledge.co\/wp-content\/uploads\/2025\/07\/IMG_5644-1.jpg ,https:\/\/colombialegaledge.co\/wp-content\/uploads\/2025\/07\/IMG_5644-1.jpg 780w, https:\/\/colombialegaledge.co\/wp-content\/uploads\/2025\/07\/IMG_5644-1.jpg 360w\" sizes=\"auto, (max-width: 480px) 150px\" src=\"https:\/\/colombialegaledge.co\/wp-content\/uploads\/2025\/07\/IMG_5644-1.jpg\" alt=\"A picture of Martha, one of the founders of Colombia Legal Edge\" class=\"uag-image-1279\" width=\"270\" height=\"360\" title=\"A picture of Martha, one of the founders of Colombia Legal Edge\" loading=\"lazy\" role=\"img\"\/><figcaption class=\"uagb-image-caption\">Martha fue socia de una firma prestigiosa de abogados y cuenta con m\u00e1s de 30 a\u00f1os de experiencia como abogada corporativa y comercial, asesorando a clientes de renombre mundial en transacciones multimillonarias.<\/figcaption><\/figure><\/div>\n<\/div>\n<\/div><\/div>\n\n\n\n<div class=\"wp-block-uagb-container uagb-block-euvyqshy alignfull uagb-is-root-container\"><div class=\"uagb-container-inner-blocks-wrap\">\n<div class=\"wp-block-uagb-info-box uagb-block-mvdvqcu9 uagb-infobox__content-wrap  uagb-infobox-icon-above-title uagb-infobox-image-valign-top\"><div class=\"uagb-ifb-content\"><div class=\"uagb-ifb-icon-wrap\"><svg xmlns=\"https:\/\/www.w3.org\/2000\/svg\" viewbox=\"0 0 384 512\"><path d=\"M112.1 454.3c0 6.297 1.816 12.44 5.284 17.69l17.14 25.69c5.25 7.875 17.17 14.28 26.64 14.28h61.67c9.438 0 21.36-6.401 26.61-14.28l17.08-25.68c2.938-4.438 5.348-12.37 5.348-17.7L272 415.1h-160L112.1 454.3zM191.4 .0132C89.44 .3257 16 82.97 16 175.1c0 44.38 16.44 84.84 43.56 115.8c16.53 18.84 42.34 58.23 52.22 91.45c.0313 .25 .0938 .5166 .125 .7823h160.2c.0313-.2656 .0938-.5166 .125-.7823c9.875-33.22 35.69-72.61 52.22-91.45C351.6 260.8 368 220.4 368 175.1C368 78.61 288.9-.2837 191.4 .0132zM192 96.01c-44.13 0-80 35.89-80 79.1C112 184.8 104.8 192 96 192S80 184.8 80 176c0-61.76 50.25-111.1 112-111.1c8.844 0 16 7.159 16 16S200.8 96.01 192 96.01z\"><\/path><\/svg><\/div><div class=\"uagb-ifb-title-wrap\"><h3 class=\"uagb-ifb-title\">Perspectiva local con est\u00e1ndares globales<\/h3><\/div><p class=\"uagb-ifb-desc\">Un profundo conocimiento de la normativa colombiana que responde a las expectativas legales internacionales. Conectamos culturas y sistemas para ofrecer soluciones que realmente tienen sentido, sin importar de d\u00f3nde vienes ni hacia d\u00f3nde vas.<\/p><\/div><\/div>\n\n\n\n<div class=\"wp-block-uagb-info-box uagb-block-9vopolhd uagb-infobox__content-wrap  uagb-infobox-icon-above-title uagb-infobox-image-valign-top\"><div class=\"uagb-ifb-content\"><div class=\"uagb-ifb-icon-wrap\"><svg xmlns=\"https:\/\/www.w3.org\/2000\/svg\" viewbox=\"0 0 640 512\"><path d=\"M334.6 217.4l-30 27.49C264 282.1 217.8 256.8 202.9 240.6C176 211.2 178.1 165.7 207.3 138.9L289.1 64H282.5C224.7 64 169.1 86.95 128.2 127.8L32 128.1c-17.6 0-32 14.39-32 31.98v159.8c0 17.59 14.4 32.04 31.1 32.04l114.3-.0604l90.5 81.82c27.5 22.37 67.75 18.11 90-9.255l18.12 15.25c15.88 12.1 39.38 10.5 52.38-5.369l31.38-38.6l5.374 4.498c13.75 11 33.88 9.002 45-4.748l9.576-11.83c11.08-13.7 8.979-33.75-4.701-44.86L334.6 217.4zM608 128.1l-96-.1257c-40.98-40.96-96.56-63.88-154.5-63.88L348.9 64c-8 0-15.62 3.197-21.62 8.568L229 162.3C228.9 162.5 228.8 162.7 228.8 162.7C212 178.5 212.4 203.3 226.6 218.7c9.625 10.5 35 21.62 56.13 2.75c0-.125 .25-.125 .375-.25l80-73.1c6.5-5.871 16.62-5.496 22.62 1s5.5 16.62-1 22.62l-26.12 23.87l145.6 118.1c12.12 9.992 19.5 23.49 22.12 37.98L608 351.7c17.6 0 32-14.38 32-31.98V160.1C640 142.4 625.7 128.1 608 128.1z\"><\/path><\/svg><\/div><div class=\"uagb-ifb-title-wrap\"><h3 class=\"uagb-ifb-title\">Acompa\u00f1amiento cercano y proactivo<\/h3><\/div><p class=\"uagb-ifb-desc\">No te perder\u00e1s en la burocracia ni te abrumar\u00e1s con jerga legal. Ofrecemos una asesor\u00eda \u00e1gil y personalizada que pone tus objetivos en primer lugar, con comunicaci\u00f3n clara, acompa\u00f1amiento cercano en cada etapa con la flexibilidad que necesitas y valoras.<\/p><\/div><\/div>\n\n\n\n<div class=\"wp-block-uagb-info-box uagb-block-ivqb0cfk uagb-infobox__content-wrap  uagb-infobox-icon-above-title uagb-infobox-image-valign-top\"><div class=\"uagb-ifb-content\"><div class=\"uagb-ifb-icon-wrap\"><svg xmlns=\"https:\/\/www.w3.org\/2000\/svg\" viewbox=\"0 0 512 512\"><path d=\"M184 0C214.9 0 240 25.07 240 56V456C240 486.9 214.9 512 184 512C155.1 512 131.3 490.1 128.3 461.9C123.1 463.3 117.6 464 112 464C76.65 464 48 435.3 48 400C48 392.6 49.27 385.4 51.59 378.8C21.43 367.4 0 338.2 0 304C0 272.1 18.71 244.5 45.77 231.7C37.15 220.8 32 206.1 32 192C32 161.3 53.59 135.7 82.41 129.4C80.84 123.9 80 118 80 112C80 82.06 100.6 56.92 128.3 49.93C131.3 21.86 155.1 0 184 0zM383.7 49.93C411.4 56.92 432 82.06 432 112C432 118 431.2 123.9 429.6 129.4C458.4 135.7 480 161.3 480 192C480 206.1 474.9 220.8 466.2 231.7C493.3 244.5 512 272.1 512 304C512 338.2 490.6 367.4 460.4 378.8C462.7 385.4 464 392.6 464 400C464 435.3 435.3 464 400 464C394.4 464 388.9 463.3 383.7 461.9C380.7 490.1 356.9 512 328 512C297.1 512 272 486.9 272 456V56C272 25.07 297.1 0 328 0C356.9 0 380.7 21.86 383.7 49.93z\"><\/path><\/svg><\/div><div class=\"uagb-ifb-title-wrap\"><h3 class=\"uagb-ifb-title\">Experiencia de confianza<\/h3><\/div><p class=\"uagb-ifb-desc\">Con m\u00e1s de 30 a\u00f1os de experiencia combinada, hemos ayudado a cientos de clientes a navegar el panorama legal en Colombia: desde startups hasta inversionistas consolidados. Tu tranquilidad es nuestra prioridad.<\/p><\/div><\/div>\n<\/div><\/div>\n\n\n\n<p><\/p>","protected":false},"excerpt":{"rendered":"","protected":false},"author":1,"featured_media":0,"parent":0,"menu_order":0,"comment_status":"closed","ping_status":"closed","template":"","meta":{"_surecart_dashboard_logo_width":"180px","_surecart_dashboard_show_logo":true,"_surecart_dashboard_navigation_orders":true,"_surecart_dashboard_navigation_invoices":true,"_surecart_dashboard_navigation_subscriptions":true,"_surecart_dashboard_navigation_downloads":true,"_surecart_dashboard_navigation_billing":true,"_surecart_dashboard_navigation_account":true,"_uag_custom_page_level_css":"","site-sidebar-layout":"no-sidebar","site-content-layout":"page-builder","ast-site-content-layout":"full-width-container","site-content-style":"unboxed","site-sidebar-style":"unboxed","ast-global-header-display":"","ast-banner-title-visibility":"","ast-main-header-display":"","ast-hfb-above-header-display":"","ast-hfb-below-header-display":"","ast-hfb-mobile-header-display":"","site-post-title":"disabled","ast-breadcrumbs-content":"","ast-featured-img":"disabled","footer-sml-layout":"","ast-disable-related-posts":"","theme-transparent-header-meta":"","adv-header-id-meta":"","stick-header-meta":"","header-above-stick-meta":"","header-main-stick-meta":"","header-below-stick-meta":"","astra-migrate-meta-layouts":"set","ast-page-background-enabled":"default","ast-page-background-meta":{"desktop":{"background-color":"var(--ast-global-color-4)","background-image":"","background-repeat":"repeat","background-position":"center center","background-size":"auto","background-attachment":"scroll","background-type":"","background-media":"","overlay-type":"","overlay-color":"","overlay-opacity":"","overlay-gradient":""},"tablet":{"background-color":"","background-image":"","background-repeat":"repeat","background-position":"center center","background-size":"auto","background-attachment":"scroll","background-type":"","background-media":"","overlay-type":"","overlay-color":"","overlay-opacity":"","overlay-gradient":""},"mobile":{"background-color":"","background-image":"","background-repeat":"repeat","background-position":"center center","background-size":"auto","background-attachment":"scroll","background-type":"","background-media":"","overlay-type":"","overlay-color":"","overlay-opacity":"","overlay-gradient":""}},"ast-content-background-meta":{"desktop":{"background-color":"var(--ast-global-color-5)","background-image":"","background-repeat":"repeat","background-position":"center center","background-size":"auto","background-attachment":"scroll","background-type":"","background-media":"","overlay-type":"","overlay-color":"","overlay-opacity":"","overlay-gradient":""},"tablet":{"background-color":"var(--ast-global-color-5)","background-image":"","background-repeat":"repeat","background-position":"center center","background-size":"auto","background-attachment":"scroll","background-type":"","background-media":"","overlay-type":"","overlay-color":"","overlay-opacity":"","overlay-gradient":""},"mobile":{"background-color":"var(--ast-global-color-5)","background-image":"","background-repeat":"repeat","background-position":"center center","background-size":"auto","background-attachment":"scroll","background-type":"","background-media":"","overlay-type":"","overlay-color":"","overlay-opacity":"","overlay-gradient":""}},"footnotes":""},"class_list":["post-72","page","type-page","status-publish","hentry"],"yoast_head":"<!-- This site is optimized with the Yoast SEO plugin v27.4 - https:\/\/yoast.com\/product\/yoast-seo-wordpress\/ -->\n<title>About Us - Colombia Legal Edge<\/title>\n<meta name=\"robots\" content=\"index, follow, max-snippet:-1, max-image-preview:large, max-video-preview:-1\" \/>\n<link rel=\"canonical\" href=\"https:\/\/colombialegaledge.co\/es\/about-us\/\" \/>\n<meta property=\"og:locale\" content=\"es_ES\" \/>\n<meta property=\"og:type\" content=\"article\" \/>\n<meta property=\"og:title\" content=\"About Us - Colombia Legal Edge\" \/>\n<meta property=\"og:url\" content=\"https:\/\/colombialegaledge.co\/es\/about-us\/\" \/>\n<meta property=\"og:site_name\" content=\"Colombia Legal Edge\" \/>\n<meta property=\"article:modified_time\" content=\"2025-07-28T13:19:39+00:00\" \/>\n<meta property=\"og:image\" content=\"https:\/\/colombialegaledge.co\/wp-content\/uploads\/2025\/07\/MAD_6994-1024x683.jpg\" \/>\n<meta name=\"twitter:card\" content=\"summary_large_image\" \/>\n<meta name=\"twitter:label1\" content=\"Tiempo de lectura\" \/>\n\t<meta name=\"twitter:data1\" content=\"2 minutos\" \/>\n<script type=\"application\/ld+json\" class=\"yoast-schema-graph\">{\"@context\":\"https:\\\/\\\/schema.org\",\"@graph\":[{\"@type\":\"WebPage\",\"@id\":\"https:\\\/\\\/colombialegaledge.co\\\/about-us\\\/\",\"url\":\"https:\\\/\\\/colombialegaledge.co\\\/es\\\/about-us\\\/\",\"name\":\"About Us - Colombia Legal Edge\",\"isPartOf\":{\"@id\":\"https:\\\/\\\/colombialegaledge.co\\\/#website\"},\"primaryImageOfPage\":{\"@id\":\"https:\\\/\\\/colombialegaledge.co\\\/es\\\/about-us\\\/#primaryimage\"},\"image\":{\"@id\":\"https:\\\/\\\/colombialegaledge.co\\\/es\\\/about-us\\\/#primaryimage\"},\"thumbnailUrl\":\"https:\\\/\\\/colombialegaledge.co\\\/wp-content\\\/uploads\\\/2025\\\/07\\\/MAD_6994-1024x683.jpg\",\"datePublished\":\"2025-07-07T17:17:10+00:00\",\"dateModified\":\"2025-07-28T13:19:39+00:00\",\"breadcrumb\":{\"@id\":\"https:\\\/\\\/colombialegaledge.co\\\/es\\\/about-us\\\/#breadcrumb\"},\"inLanguage\":\"es-CO\",\"potentialAction\":[{\"@type\":\"ReadAction\",\"target\":[\"https:\\\/\\\/colombialegaledge.co\\\/es\\\/about-us\\\/\"]}]},{\"@type\":\"ImageObject\",\"inLanguage\":\"es-CO\",\"@id\":\"https:\\\/\\\/colombialegaledge.co\\\/es\\\/about-us\\\/#primaryimage\",\"url\":\"https:\\\/\\\/colombialegaledge.co\\\/wp-content\\\/uploads\\\/2025\\\/07\\\/MAD_6994-1024x683.jpg\",\"contentUrl\":\"https:\\\/\\\/colombialegaledge.co\\\/wp-content\\\/uploads\\\/2025\\\/07\\\/MAD_6994-1024x683.jpg\"},{\"@type\":\"BreadcrumbList\",\"@id\":\"https:\\\/\\\/colombialegaledge.co\\\/es\\\/about-us\\\/#breadcrumb\",\"itemListElement\":[{\"@type\":\"ListItem\",\"position\":1,\"name\":\"Home\",\"item\":\"https:\\\/\\\/colombialegaledge.co\\\/\"},{\"@type\":\"ListItem\",\"position\":2,\"name\":\"About Us\"}]},{\"@type\":\"WebSite\",\"@id\":\"https:\\\/\\\/colombialegaledge.co\\\/#website\",\"url\":\"https:\\\/\\\/colombialegaledge.co\\\/\",\"name\":\"Colombia Legal Edge\",\"description\":\"Legal Expertise for Doing Business in Colombia\",\"publisher\":{\"@id\":\"https:\\\/\\\/colombialegaledge.co\\\/#organization\"},\"potentialAction\":[{\"@type\":\"SearchAction\",\"target\":{\"@type\":\"EntryPoint\",\"urlTemplate\":\"https:\\\/\\\/colombialegaledge.co\\\/?s={search_term_string}\"},\"query-input\":{\"@type\":\"PropertyValueSpecification\",\"valueRequired\":true,\"valueName\":\"search_term_string\"}}],\"inLanguage\":\"es-CO\"},{\"@type\":\"Organization\",\"@id\":\"https:\\\/\\\/colombialegaledge.co\\\/#organization\",\"name\":\"Colombia Legal Edge\",\"url\":\"https:\\\/\\\/colombialegaledge.co\\\/\",\"logo\":{\"@type\":\"ImageObject\",\"inLanguage\":\"es-CO\",\"@id\":\"https:\\\/\\\/colombialegaledge.co\\\/#\\\/schema\\\/logo\\\/image\\\/\",\"url\":\"https:\\\/\\\/colombialegaledge.co\\\/wp-content\\\/uploads\\\/2025\\\/07\\\/CLE-1.svg\",\"contentUrl\":\"https:\\\/\\\/colombialegaledge.co\\\/wp-content\\\/uploads\\\/2025\\\/07\\\/CLE-1.svg\",\"caption\":\"Colombia Legal Edge\"},\"image\":{\"@id\":\"https:\\\/\\\/colombialegaledge.co\\\/#\\\/schema\\\/logo\\\/image\\\/\"}}]}<\/script>\n<!-- \/ Yoast SEO plugin. -->","yoast_head_json":{"title":"About Us - Colombia Legal Edge","robots":{"index":"index","follow":"follow","max-snippet":"max-snippet:-1","max-image-preview":"max-image-preview:large","max-video-preview":"max-video-preview:-1"},"canonical":"https:\/\/colombialegaledge.co\/es\/about-us\/","og_locale":"es_ES","og_type":"article","og_title":"About Us - Colombia Legal Edge","og_url":"https:\/\/colombialegaledge.co\/es\/about-us\/","og_site_name":"Colombia Legal Edge","article_modified_time":"2025-07-28T13:19:39+00:00","og_image":[{"url":"https:\/\/colombialegaledge.co\/wp-content\/uploads\/2025\/07\/MAD_6994-1024x683.jpg","type":"","width":"","height":""}],"twitter_card":"summary_large_image","twitter_misc":{"Tiempo de lectura":"2 minutos"},"schema":{"@context":"https:\/\/schema.org","@graph":[{"@type":"WebPage","@id":"https:\/\/colombialegaledge.co\/about-us\/","url":"https:\/\/colombialegaledge.co\/es\/about-us\/","name":"About Us - Colombia Legal Edge","isPartOf":{"@id":"https:\/\/colombialegaledge.co\/#website"},"primaryImageOfPage":{"@id":"https:\/\/colombialegaledge.co\/es\/about-us\/#primaryimage"},"image":{"@id":"https:\/\/colombialegaledge.co\/es\/about-us\/#primaryimage"},"thumbnailUrl":"https:\/\/colombialegaledge.co\/wp-content\/uploads\/2025\/07\/MAD_6994-1024x683.jpg","datePublished":"2025-07-07T17:17:10+00:00","dateModified":"2025-07-28T13:19:39+00:00","breadcrumb":{"@id":"https:\/\/colombialegaledge.co\/es\/about-us\/#breadcrumb"},"inLanguage":"es-CO","potentialAction":[{"@type":"ReadAction","target":["https:\/\/colombialegaledge.co\/es\/about-us\/"]}]},{"@type":"ImageObject","inLanguage":"es-CO","@id":"https:\/\/colombialegaledge.co\/es\/about-us\/#primaryimage","url":"https:\/\/colombialegaledge.co\/wp-content\/uploads\/2025\/07\/MAD_6994-1024x683.jpg","contentUrl":"https:\/\/colombialegaledge.co\/wp-content\/uploads\/2025\/07\/MAD_6994-1024x683.jpg"},{"@type":"BreadcrumbList","@id":"https:\/\/colombialegaledge.co\/es\/about-us\/#breadcrumb","itemListElement":[{"@type":"ListItem","position":1,"name":"Home","item":"https:\/\/colombialegaledge.co\/"},{"@type":"ListItem","position":2,"name":"About Us"}]},{"@type":"WebSite","@id":"https:\/\/colombialegaledge.co\/#website","url":"https:\/\/colombialegaledge.co\/","name":"Colombia Legal Edge","description":"Legal Expertise for Doing Business in Colombia","publisher":{"@id":"https:\/\/colombialegaledge.co\/#organization"},"potentialAction":[{"@type":"SearchAction","target":{"@type":"EntryPoint","urlTemplate":"https:\/\/colombialegaledge.co\/?s={search_term_string}"},"query-input":{"@type":"PropertyValueSpecification","valueRequired":true,"valueName":"search_term_string"}}],"inLanguage":"es-CO"},{"@type":"Organization","@id":"https:\/\/colombialegaledge.co\/#organization","name":"Colombia Legal Edge","url":"https:\/\/colombialegaledge.co\/","logo":{"@type":"ImageObject","inLanguage":"es-CO","@id":"https:\/\/colombialegaledge.co\/#\/schema\/logo\/image\/","url":"https:\/\/colombialegaledge.co\/wp-content\/uploads\/2025\/07\/CLE-1.svg","contentUrl":"https:\/\/colombialegaledge.co\/wp-content\/uploads\/2025\/07\/CLE-1.svg","caption":"Colombia Legal Edge"},"image":{"@id":"https:\/\/colombialegaledge.co\/#\/schema\/logo\/image\/"}}]}},"uagb_featured_image_src":{"full":false,"thumbnail":false,"medium":false,"medium_large":false,"large":false,"1536x1536":false,"2048x2048":false,"trp-custom-language-flag":false},"uagb_author_info":{"display_name":"salazar.b.juliana@gmail.com","author_link":"https:\/\/colombialegaledge.co\/es\/author\/salazar-b-julianagmail-com\/"},"uagb_comment_info":0,"uagb_excerpt":null,"_links":{"self":[{"href":"https:\/\/colombialegaledge.co\/es\/wp-json\/wp\/v2\/pages\/72","targetHints":{"allow":["GET"]}}],"collection":[{"href":"https:\/\/colombialegaledge.co\/es\/wp-json\/wp\/v2\/pages"}],"about":[{"href":"https:\/\/colombialegaledge.co\/es\/wp-json\/wp\/v2\/types\/page"}],"author":[{"embeddable":true,"href":"https:\/\/colombialegaledge.co\/es\/wp-json\/wp\/v2\/users\/1"}],"replies":[{"embeddable":true,"href":"https:\/\/colombialegaledge.co\/es\/wp-json\/wp\/v2\/comments?post=72"}],"version-history":[{"count":24,"href":"https:\/\/colombialegaledge.co\/es\/wp-json\/wp\/v2\/pages\/72\/revisions"}],"predecessor-version":[{"id":1829,"href":"https:\/\/colombialegaledge.co\/es\/wp-json\/wp\/v2\/pages\/72\/revisions\/1829"}],"wp:attachment":[{"href":"https:\/\/colombialegaledge.co\/es\/wp-json\/wp\/v2\/media?parent=72"}],"curies":[{"name":"wp","href":"https:\/\/api.w.org\/{rel}","templated":true}]}}