{"id":1386,"date":"2025-07-11T16:17:09","date_gmt":"2025-07-11T16:17:09","guid":{"rendered":"https:\/\/colombialegaledge.co\/?page_id=1386"},"modified":"2025-07-16T17:29:19","modified_gmt":"2025-07-16T17:29:19","slug":"specialized-legal-services","status":"publish","type":"page","link":"https:\/\/colombialegaledge.co\/es\/services\/specialized-legal-services\/","title":{"rendered":"Servicios legales especializados"},"content":{"rendered":"<h2 class=\"wp-block-heading has-text-align-center\" style=\"font-size:58px\">Servicios legales especializados<\/h2>\n\n\n\n<p class=\"has-text-align-center has-border-color has-ast-global-color-5-border-color\" style=\"border-width:24px\">Algunos asuntos legales merecen la atenci\u00f3n de expertos especializados, y creemos que brindar el mejor servicio implica saber cu\u00e1ndo delegar. Por eso colaboramos con una red de profesionales de confianza en asesor\u00eda tributaria, derecho migratorio y litigios. Solo queremos lo mejor para ti, por eso te conectamos con especialistas con amplio conocimiento y resultados comprobados. No intentamos hacerlo todo: nos enfocamos en lo que mejor hacemos y nos aseguramos de que est\u00e9s en las mejores manos para lo dem\u00e1s.<\/p>\n\n\n\n<div class=\"wp-block-uagb-buttons uagb-buttons__outer-wrap uagb-btn__default-btn uagb-btn-tablet__default-btn uagb-btn-mobile__default-btn uagb-block-ff7b6183\"><div class=\"uagb-buttons__wrap uagb-buttons-layout-wrap\">\n<div class=\"wp-block-uagb-buttons-child uagb-buttons__outer-wrap uagb-block-f9b48964 wp-block-button\"><div class=\"uagb-button__wrapper\"><a class=\"uagb-buttons-repeater wp-block-button__link\" aria-label=\"\" href=\"https:\/\/calendly.com\/juliana-colombialegaledge\/30min\" rel=\"follow noopener\" target=\"_self\" role=\"button\"><div class=\"uagb-button__link\">Agenda una consulta gratuita<\/div><\/a><\/div><\/div>\n<\/div><\/div>\n\n\n\n<div class=\"wp-block-uagb-container uagb-block-d26bb85b alignfull uagb-is-root-container\"><div class=\"uagb-container-inner-blocks-wrap\">\n<div class=\"wp-block-uagb-container uagb-block-4272329f\">\n<div class=\"wp-block-uagb-info-box uagb-block-2dec9f13 uagb-infobox__content-wrap  uagb-infobox-icon-above-title uagb-infobox-image-valign-top\"><div class=\"uagb-ifb-content\"><div class=\"uagb-ifb-icon-wrap\"><svg xmlns=\"https:\/\/www.w3.org\/2000\/svg\" viewbox=\"0 0 576 512\"><path d=\"M252 208C252 196.1 260.1 188 272 188H288C299 188 308 196.1 308 208V276H312C323 276 332 284.1 332 296C332 307 323 316 312 316H264C252.1 316 244 307 244 296C244 284.1 252.1 276 264 276H268V227.6C258.9 225.7 252 217.7 252 208zM512 64C547.3 64 576 92.65 576 128V384C576 419.3 547.3 448 512 448H64C28.65 448 0 419.3 0 384V128C0 92.65 28.65 64 64 64H512zM128 384C128 348.7 99.35 320 64 320V384H128zM64 192C99.35 192 128 163.3 128 128H64V192zM512 384V320C476.7 320 448 348.7 448 384H512zM512 128H448C448 163.3 476.7 192 512 192V128zM288 144C226.1 144 176 194.1 176 256C176 317.9 226.1 368 288 368C349.9 368 400 317.9 400 256C400 194.1 349.9 144 288 144z\"><\/path><\/svg><\/div><div class=\"uagb-ifb-title-wrap\"><h3 class=\"uagb-ifb-title\">Contabilidad &amp; impuestos<\/h3><\/div><p class=\"uagb-ifb-desc\">Te conectamos con asesores de confianza especializados en la normativa tributaria local para personas y empresas. Desde declaraciones hasta planificaci\u00f3n estrat\u00e9gica, recibir\u00e1s una gu\u00eda personalizada para mantenerte al d\u00eda y optimizar tus finanzas.<\/p><\/div><\/div>\n<\/div>\n\n\n\n<div class=\"wp-block-uagb-container uagb-block-0445bd7a\">\n<div class=\"wp-block-uagb-info-box uagb-block-70dcf202 uagb-infobox__content-wrap  uagb-infobox-icon-above-title uagb-infobox-image-valign-top\"><div class=\"uagb-ifb-content\"><div class=\"uagb-ifb-icon-wrap\"><svg xmlns=\"https:\/\/www.w3.org\/2000\/svg\" viewbox=\"0 0 320 512\"><path d=\"M208 48C208 74.51 186.5 96 160 96C133.5 96 112 74.51 112 48C112 21.49 133.5 0 160 0C186.5 0 208 21.49 208 48zM152 352V480C152 497.7 137.7 512 120 512C102.3 512 88 497.7 88 480V256.9L59.43 304.5C50.33 319.6 30.67 324.5 15.52 315.4C.3696 306.3-4.531 286.7 4.573 271.5L62.85 174.6C80.2 145.7 111.4 128 145.1 128H174.9C208.6 128 239.8 145.7 257.2 174.6L315.4 271.5C324.5 286.7 319.6 306.3 304.5 315.4C289.3 324.5 269.7 319.6 260.6 304.5L232 256.9V480C232 497.7 217.7 512 200 512C182.3 512 168 497.7 168 480V352L152 352z\"><\/path><\/svg><\/div><div class=\"uagb-ifb-title-wrap\"><h3 class=\"uagb-ifb-title\">Derecho migratorio<\/h3><\/div><p class=\"uagb-ifb-desc\">Ya sea que est\u00e9s solicitando una visa, renovando tu estatus migratorio o planeando reubicar empleados, trabajamos con expertos que simplifican el proceso migratorio en Colombia y te ayudan a cumplir con todos los requisitos legales con confianza.<\/p><\/div><\/div>\n<\/div>\n\n\n\n<div class=\"wp-block-uagb-container uagb-block-b7b8a61b\">\n<div class=\"wp-block-uagb-info-box uagb-block-090979e5 uagb-infobox__content-wrap  uagb-infobox-icon-above-title uagb-infobox-image-valign-top\"><div class=\"uagb-ifb-content\"><div class=\"uagb-ifb-icon-wrap\"><svg xmlns=\"https:\/\/www.w3.org\/2000\/svg\" viewbox=\"0 0 640 512\"><path d=\"M554.9 154.5c-17.62-35.25-68.12-35.38-85.87 0c-87 174.3-84.1 165.9-84.1 181.5c0 44.13 57.25 80 128 80s127.1-35.88 127.1-80C639.1 319.9 641.4 327.3 554.9 154.5zM439.1 320l71.96-144l72.17 144H439.1zM256 336c0-16.12 1.375-8.75-85.12-181.5c-17.62-35.25-68.12-35.38-85.87 0c-87 174.3-84.1 165.9-84.1 181.5c0 44.13 57.25 80 127.1 80S256 380.1 256 336zM127.9 176L200.1 320H55.96L127.9 176zM495.1 448h-143.1V153.3C375.5 143 393.1 121.8 398.4 96h113.6c17.67 0 31.1-14.33 31.1-32s-14.33-32-31.1-32h-128.4c-14.62-19.38-37.5-32-63.62-32S270.1 12.62 256.4 32H128C110.3 32 96 46.33 96 64S110.3 96 127.1 96h113.6c5.25 25.75 22.87 47 46.37 57.25V448H144c-26.51 0-48.01 21.49-48.01 48c0 8.836 7.165 16 16 16h416c8.836 0 16-7.164 16-16C544 469.5 522.5 448 495.1 448z\"><\/path><\/svg><\/div><div class=\"uagb-ifb-title-wrap\"><h3 class=\"uagb-ifb-title\">Litigios<\/h3><\/div><p class=\"uagb-ifb-desc\">Cuando surgen disputas legales, contamos con litigantes experimentados que saben c\u00f3mo navegar el sistema judicial colombiano con precisi\u00f3n. Tu caso ser\u00e1 atendido por profesionales que combinan solidez jur\u00eddica con visi\u00f3n estrat\u00e9gica.<\/p><\/div><\/div>\n<\/div>\n<\/div><\/div>\n\n\n\n<p><\/p>","protected":false},"excerpt":{"rendered":"<p>Specialized Legal Services Some legal matters deserve the attention of niche experts, and we believe the best service is knowing [&hellip;]<\/p>","protected":false},"author":1,"featured_media":0,"parent":74,"menu_order":0,"comment_status":"closed","ping_status":"closed","template":"","meta":{"_surecart_dashboard_logo_width":"180px","_surecart_dashboard_show_logo":true,"_surecart_dashboard_navigation_orders":true,"_surecart_dashboard_navigation_invoices":true,"_surecart_dashboard_navigation_subscriptions":true,"_surecart_dashboard_navigation_downloads":true,"_surecart_dashboard_navigation_billing":true,"_surecart_dashboard_navigation_account":true,"_uag_custom_page_level_css":"","site-sidebar-layout":"default","site-content-layout":"","ast-site-content-layout":"default","site-content-style":"default","site-sidebar-style":"default","ast-global-header-display":"","ast-banner-title-visibility":"","ast-main-header-display":"","ast-hfb-above-header-display":"","ast-hfb-below-header-display":"","ast-hfb-mobile-header-display":"","site-post-title":"","ast-breadcrumbs-content":"","ast-featured-img":"","footer-sml-layout":"","ast-disable-related-posts":"","theme-transparent-header-meta":"","adv-header-id-meta":"","stick-header-meta":"","header-above-stick-meta":"","header-main-stick-meta":"","header-below-stick-meta":"","astra-migrate-meta-layouts":"set","ast-page-background-enabled":"default","ast-page-background-meta":{"desktop":{"background-color":"var(--ast-global-color-4)","background-image":"","background-repeat":"repeat","background-position":"center center","background-size":"auto","background-attachment":"scroll","background-type":"","background-media":"","overlay-type":"","overlay-color":"","overlay-opacity":"","overlay-gradient":""},"tablet":{"background-color":"","background-image":"","background-repeat":"repeat","background-position":"center center","background-size":"auto","background-attachment":"scroll","background-type":"","background-media":"","overlay-type":"","overlay-color":"","overlay-opacity":"","overlay-gradient":""},"mobile":{"background-color":"","background-image":"","background-repeat":"repeat","background-position":"center center","background-size":"auto","background-attachment":"scroll","background-type":"","background-media":"","overlay-type":"","overlay-color":"","overlay-opacity":"","overlay-gradient":""}},"ast-content-background-meta":{"desktop":{"background-color":"var(--ast-global-color-5)","background-image":"","background-repeat":"repeat","background-position":"center center","background-size":"auto","background-attachment":"scroll","background-type":"","background-media":"","overlay-type":"","overlay-color":"","overlay-opacity":"","overlay-gradient":""},"tablet":{"background-color":"var(--ast-global-color-5)","background-image":"","background-repeat":"repeat","background-position":"center center","background-size":"auto","background-attachment":"scroll","background-type":"","background-media":"","overlay-type":"","overlay-color":"","overlay-opacity":"","overlay-gradient":""},"mobile":{"background-color":"var(--ast-global-color-5)","background-image":"","background-repeat":"repeat","background-position":"center center","background-size":"auto","background-attachment":"scroll","background-type":"","background-media":"","overlay-type":"","overlay-color":"","overlay-opacity":"","overlay-gradient":""}},"footnotes":""},"class_list":["post-1386","page","type-page","status-publish","hentry"],"yoast_head":"<!-- This site is optimized with the Yoast SEO plugin v27.4 - https:\/\/yoast.com\/product\/yoast-seo-wordpress\/ -->\n<title>Specialized Legal Services - Colombia Legal Edge<\/title>\n<meta name=\"robots\" content=\"index, follow, max-snippet:-1, max-image-preview:large, max-video-preview:-1\" \/>\n<link rel=\"canonical\" href=\"https:\/\/colombialegaledge.co\/es\/services\/specialized-legal-services\/\" \/>\n<meta property=\"og:locale\" content=\"es_ES\" \/>\n<meta property=\"og:type\" content=\"article\" \/>\n<meta property=\"og:title\" content=\"Specialized Legal Services - Colombia Legal Edge\" \/>\n<meta property=\"og:description\" content=\"Specialized Legal Services Some legal matters deserve the attention of niche experts, and we believe the best service is knowing [&hellip;]\" \/>\n<meta property=\"og:url\" content=\"https:\/\/colombialegaledge.co\/es\/services\/specialized-legal-services\/\" \/>\n<meta property=\"og:site_name\" content=\"Colombia Legal Edge\" \/>\n<meta property=\"article:modified_time\" content=\"2025-07-16T17:29:19+00:00\" \/>\n<meta name=\"twitter:card\" content=\"summary_large_image\" \/>\n<meta name=\"twitter:label1\" content=\"Tiempo de lectura\" \/>\n\t<meta name=\"twitter:data1\" content=\"1 minuto\" \/>\n<script type=\"application\/ld+json\" class=\"yoast-schema-graph\">{\"@context\":\"https:\\\/\\\/schema.org\",\"@graph\":[{\"@type\":\"WebPage\",\"@id\":\"https:\\\/\\\/colombialegaledge.co\\\/services\\\/specialized-legal-services\\\/\",\"url\":\"https:\\\/\\\/colombialegaledge.co\\\/services\\\/specialized-legal-services\\\/\",\"name\":\"Specialized Legal Services - Colombia Legal Edge\",\"isPartOf\":{\"@id\":\"https:\\\/\\\/colombialegaledge.co\\\/#website\"},\"datePublished\":\"2025-07-11T16:17:09+00:00\",\"dateModified\":\"2025-07-16T17:29:19+00:00\",\"breadcrumb\":{\"@id\":\"https:\\\/\\\/colombialegaledge.co\\\/services\\\/specialized-legal-services\\\/#breadcrumb\"},\"inLanguage\":\"es-CO\",\"potentialAction\":[{\"@type\":\"ReadAction\",\"target\":[\"https:\\\/\\\/colombialegaledge.co\\\/services\\\/specialized-legal-services\\\/\"]}]},{\"@type\":\"BreadcrumbList\",\"@id\":\"https:\\\/\\\/colombialegaledge.co\\\/services\\\/specialized-legal-services\\\/#breadcrumb\",\"itemListElement\":[{\"@type\":\"ListItem\",\"position\":1,\"name\":\"Home\",\"item\":\"https:\\\/\\\/colombialegaledge.co\\\/\"},{\"@type\":\"ListItem\",\"position\":2,\"name\":\"Services\",\"item\":\"https:\\\/\\\/colombialegaledge.co\\\/services\\\/\"},{\"@type\":\"ListItem\",\"position\":3,\"name\":\"Specialized Legal Services\"}]},{\"@type\":\"WebSite\",\"@id\":\"https:\\\/\\\/colombialegaledge.co\\\/#website\",\"url\":\"https:\\\/\\\/colombialegaledge.co\\\/\",\"name\":\"Colombia Legal Edge\",\"description\":\"Legal Expertise for Doing Business in Colombia\",\"publisher\":{\"@id\":\"https:\\\/\\\/colombialegaledge.co\\\/#organization\"},\"potentialAction\":[{\"@type\":\"SearchAction\",\"target\":{\"@type\":\"EntryPoint\",\"urlTemplate\":\"https:\\\/\\\/colombialegaledge.co\\\/?s={search_term_string}\"},\"query-input\":{\"@type\":\"PropertyValueSpecification\",\"valueRequired\":true,\"valueName\":\"search_term_string\"}}],\"inLanguage\":\"es-CO\"},{\"@type\":\"Organization\",\"@id\":\"https:\\\/\\\/colombialegaledge.co\\\/#organization\",\"name\":\"Colombia Legal Edge\",\"url\":\"https:\\\/\\\/colombialegaledge.co\\\/\",\"logo\":{\"@type\":\"ImageObject\",\"inLanguage\":\"es-CO\",\"@id\":\"https:\\\/\\\/colombialegaledge.co\\\/#\\\/schema\\\/logo\\\/image\\\/\",\"url\":\"https:\\\/\\\/colombialegaledge.co\\\/wp-content\\\/uploads\\\/2025\\\/07\\\/CLE-1.svg\",\"contentUrl\":\"https:\\\/\\\/colombialegaledge.co\\\/wp-content\\\/uploads\\\/2025\\\/07\\\/CLE-1.svg\",\"caption\":\"Colombia Legal Edge\"},\"image\":{\"@id\":\"https:\\\/\\\/colombialegaledge.co\\\/#\\\/schema\\\/logo\\\/image\\\/\"}}]}<\/script>\n<!-- \/ Yoast SEO plugin. -->","yoast_head_json":{"title":"Specialized Legal Services - Colombia Legal Edge","robots":{"index":"index","follow":"follow","max-snippet":"max-snippet:-1","max-image-preview":"max-image-preview:large","max-video-preview":"max-video-preview:-1"},"canonical":"https:\/\/colombialegaledge.co\/es\/services\/specialized-legal-services\/","og_locale":"es_ES","og_type":"article","og_title":"Specialized Legal Services - Colombia Legal Edge","og_description":"Specialized Legal Services Some legal matters deserve the attention of niche experts, and we believe the best service is knowing [&hellip;]","og_url":"https:\/\/colombialegaledge.co\/es\/services\/specialized-legal-services\/","og_site_name":"Colombia Legal Edge","article_modified_time":"2025-07-16T17:29:19+00:00","twitter_card":"summary_large_image","twitter_misc":{"Tiempo de lectura":"1 minuto"},"schema":{"@context":"https:\/\/schema.org","@graph":[{"@type":"WebPage","@id":"https:\/\/colombialegaledge.co\/services\/specialized-legal-services\/","url":"https:\/\/colombialegaledge.co\/services\/specialized-legal-services\/","name":"Specialized Legal Services - Colombia Legal Edge","isPartOf":{"@id":"https:\/\/colombialegaledge.co\/#website"},"datePublished":"2025-07-11T16:17:09+00:00","dateModified":"2025-07-16T17:29:19+00:00","breadcrumb":{"@id":"https:\/\/colombialegaledge.co\/services\/specialized-legal-services\/#breadcrumb"},"inLanguage":"es-CO","potentialAction":[{"@type":"ReadAction","target":["https:\/\/colombialegaledge.co\/services\/specialized-legal-services\/"]}]},{"@type":"BreadcrumbList","@id":"https:\/\/colombialegaledge.co\/services\/specialized-legal-services\/#breadcrumb","itemListElement":[{"@type":"ListItem","position":1,"name":"Home","item":"https:\/\/colombialegaledge.co\/"},{"@type":"ListItem","position":2,"name":"Services","item":"https:\/\/colombialegaledge.co\/services\/"},{"@type":"ListItem","position":3,"name":"Specialized Legal Services"}]},{"@type":"WebSite","@id":"https:\/\/colombialegaledge.co\/#website","url":"https:\/\/colombialegaledge.co\/","name":"Colombia Legal Edge","description":"Legal Expertise for Doing Business in Colombia","publisher":{"@id":"https:\/\/colombialegaledge.co\/#organization"},"potentialAction":[{"@type":"SearchAction","target":{"@type":"EntryPoint","urlTemplate":"https:\/\/colombialegaledge.co\/?s={search_term_string}"},"query-input":{"@type":"PropertyValueSpecification","valueRequired":true,"valueName":"search_term_string"}}],"inLanguage":"es-CO"},{"@type":"Organization","@id":"https:\/\/colombialegaledge.co\/#organization","name":"Colombia Legal Edge","url":"https:\/\/colombialegaledge.co\/","logo":{"@type":"ImageObject","inLanguage":"es-CO","@id":"https:\/\/colombialegaledge.co\/#\/schema\/logo\/image\/","url":"https:\/\/colombialegaledge.co\/wp-content\/uploads\/2025\/07\/CLE-1.svg","contentUrl":"https:\/\/colombialegaledge.co\/wp-content\/uploads\/2025\/07\/CLE-1.svg","caption":"Colombia Legal Edge"},"image":{"@id":"https:\/\/colombialegaledge.co\/#\/schema\/logo\/image\/"}}]}},"uagb_featured_image_src":{"full":false,"thumbnail":false,"medium":false,"medium_large":false,"large":false,"1536x1536":false,"2048x2048":false,"trp-custom-language-flag":false},"uagb_author_info":{"display_name":"salazar.b.juliana@gmail.com","author_link":"https:\/\/colombialegaledge.co\/es\/author\/salazar-b-julianagmail-com\/"},"uagb_comment_info":0,"uagb_excerpt":"Specialized Legal Services Some legal matters deserve the attention of niche experts, and we believe the best service is knowing [&hellip;]","_links":{"self":[{"href":"https:\/\/colombialegaledge.co\/es\/wp-json\/wp\/v2\/pages\/1386","targetHints":{"allow":["GET"]}}],"collection":[{"href":"https:\/\/colombialegaledge.co\/es\/wp-json\/wp\/v2\/pages"}],"about":[{"href":"https:\/\/colombialegaledge.co\/es\/wp-json\/wp\/v2\/types\/page"}],"author":[{"embeddable":true,"href":"https:\/\/colombialegaledge.co\/es\/wp-json\/wp\/v2\/users\/1"}],"replies":[{"embeddable":true,"href":"https:\/\/colombialegaledge.co\/es\/wp-json\/wp\/v2\/comments?post=1386"}],"version-history":[{"count":10,"href":"https:\/\/colombialegaledge.co\/es\/wp-json\/wp\/v2\/pages\/1386\/revisions"}],"predecessor-version":[{"id":1694,"href":"https:\/\/colombialegaledge.co\/es\/wp-json\/wp\/v2\/pages\/1386\/revisions\/1694"}],"up":[{"embeddable":true,"href":"https:\/\/colombialegaledge.co\/es\/wp-json\/wp\/v2\/pages\/74"}],"wp:attachment":[{"href":"https:\/\/colombialegaledge.co\/es\/wp-json\/wp\/v2\/media?parent=1386"}],"curies":[{"name":"wp","href":"https:\/\/api.w.org\/{rel}","templated":true}]}}