{"id":1384,"date":"2025-07-11T16:17:00","date_gmt":"2025-07-11T16:17:00","guid":{"rendered":"https:\/\/colombialegaledge.co\/?page_id=1384"},"modified":"2025-07-24T17:09:44","modified_gmt":"2025-07-24T17:09:44","slug":"intellectual-property","status":"publish","type":"page","link":"https:\/\/colombialegaledge.co\/es\/services\/intellectual-property\/","title":{"rendered":"Propiedad Intelectual"},"content":{"rendered":"<h2 class=\"wp-block-heading has-text-align-center\" style=\"font-size:58px\">Propiedad Intelectual<\/h2>\n\n\n\n<p class=\"has-text-align-center has-border-color has-ast-global-color-5-border-color\" style=\"border-width:24px\">Proteger tus ideas es tan importante como desarrollarlas. Te ayudamos a registrar marcas, licenciar contenidos y resguardar tus activos intelectuales bajo la legislaci\u00f3n colombiana. Ya sea que est\u00e9s lanzando una marca, licenciando tecnolog\u00eda o gestionando propiedad intelectual a nivel internacional, nos aseguramos de que tus derechos creativos y comerciales est\u00e9n siempre protegidos.<\/p>\n\n\n\n<div class=\"wp-block-uagb-buttons uagb-buttons__outer-wrap uagb-btn__default-btn uagb-btn-tablet__default-btn uagb-btn-mobile__default-btn uagb-block-aa43946f\"><div class=\"uagb-buttons__wrap uagb-buttons-layout-wrap\">\n<div class=\"wp-block-uagb-buttons-child uagb-buttons__outer-wrap uagb-block-af29a137 wp-block-button\"><div class=\"uagb-button__wrapper\"><a class=\"uagb-buttons-repeater wp-block-button__link\" aria-label=\"\" href=\"https:\/\/calendly.com\/juliana-colombialegaledge\/30min\" rel=\"follow noopener\" target=\"_self\" role=\"button\"><div class=\"uagb-button__link\">Agenda una consulta gratuita<\/div><\/a><\/div><\/div>\n<\/div><\/div>\n\n\n\n<h2 class=\"wp-block-heading has-border-color has-ast-global-color-5-border-color\" style=\"border-width:24px\">Pasos para registrar una marca:<\/h2>\n\n\n\n<div class=\"wp-block-uagb-container uagb-block-ed74ac64 alignfull uagb-is-root-container\"><div class=\"uagb-container-inner-blocks-wrap\">\n<div class=\"wp-block-uagb-image aligncenter uagb-block-c016135c wp-block-uagb-image--layout-overlay wp-block-uagb-image--effect-static wp-block-uagb-image--align-center\"><figure class=\"wp-block-uagb-image__figure\"><img decoding=\"async\" srcset=\"https:\/\/colombialegaledge.co\/wp-content\/uploads\/2025\/07\/pexels-photo-392018-392018-300x200.jpg ,https:\/\/colombialegaledge.co\/wp-content\/uploads\/2025\/07\/pexels-photo-392018-392018-scaled.jpg 780w, https:\/\/colombialegaledge.co\/wp-content\/uploads\/2025\/07\/pexels-photo-392018-392018-scaled.jpg 360w\" sizes=\"auto, (max-width: 480px) 150px\" src=\"https:\/\/colombialegaledge.co\/wp-content\/uploads\/2025\/07\/pexels-photo-392018-392018-300x200.jpg\" alt=\"A hand using a wireless mouse at a modern desk setup with a computer and keyboard.\" class=\"uag-image-1576\" width=\"350\" height=\"300\" title=\"A hand using a wireless mouse at a modern desk setup with a computer and keyboard.\" loading=\"lazy\" role=\"img\"\/><div class=\"wp-block-uagb-image--layout-overlay__color-wrapper\"><\/div><div class=\"wp-block-uagb-image--layout-overlay__inner center-center\"><h2 class=\"uagb-image-heading\">Paso 1: hacer una b\u00fasqueda de homonimia<\/h2><figcaption class=\"uagb-image-caption\">Aseg\u00farate de que tu marca no est\u00e9 ya registrada ni sea demasiado similar a otra existente.<\/figcaption><\/div><\/figure><\/div>\n\n\n\n<div class=\"wp-block-uagb-image aligncenter uagb-block-5453c1a9 wp-block-uagb-image--layout-overlay wp-block-uagb-image--effect-static wp-block-uagb-image--align-center\"><figure class=\"wp-block-uagb-image__figure\"><img decoding=\"async\" srcset=\"https:\/\/colombialegaledge.co\/wp-content\/uploads\/2025\/07\/pexels-photo-325876-325876-300x200.jpg ,https:\/\/colombialegaledge.co\/wp-content\/uploads\/2025\/07\/pexels-photo-325876-325876-scaled.jpg 780w, https:\/\/colombialegaledge.co\/wp-content\/uploads\/2025\/07\/pexels-photo-325876-325876-scaled.jpg 360w\" sizes=\"auto, (max-width: 480px) 150px\" src=\"https:\/\/colombialegaledge.co\/wp-content\/uploads\/2025\/07\/pexels-photo-325876-325876-300x200.jpg\" alt=\"Close-up of neatly arranged suits in a wardrobe, showcasing fashion and organization.\" class=\"uag-image-1578\" width=\"350\" height=\"300\" title=\"Close-up of neatly arranged suits in a wardrobe, showcasing fashion and organization.\" loading=\"lazy\" role=\"img\"\/><div class=\"wp-block-uagb-image--layout-overlay__color-wrapper\"><\/div><div class=\"wp-block-uagb-image--layout-overlay__inner center-center\"><h2 class=\"uagb-image-heading\">Paso 2: Categoriza tu marca<\/h2><figcaption class=\"uagb-image-caption\">Tu marca se clasificar\u00e1 en una o m\u00e1s categor\u00edas de NIZA seg\u00fan los productos o servicios que ofrezcas.<\/figcaption><\/div><\/figure><\/div>\n\n\n\n<div class=\"wp-block-uagb-image aligncenter uagb-block-2443e363 wp-block-uagb-image--layout-overlay wp-block-uagb-image--effect-static wp-block-uagb-image--align-center\"><figure class=\"wp-block-uagb-image__figure\"><img decoding=\"async\" srcset=\"https:\/\/colombialegaledge.co\/wp-content\/uploads\/2025\/07\/gcd5ba7559e003aec1e310fd4a04962ad4db630e8fb5b8aeef480e9ed35955db503a214ebe5dae838dca5e066176f35d6e3d2175fdef80253ea3c6f05db87365c_1280-2662911-300x209.png ,https:\/\/colombialegaledge.co\/wp-content\/uploads\/2025\/07\/gcd5ba7559e003aec1e310fd4a04962ad4db630e8fb5b8aeef480e9ed35955db503a214ebe5dae838dca5e066176f35d6e3d2175fdef80253ea3c6f05db87365c_1280-2662911.png 780w, https:\/\/colombialegaledge.co\/wp-content\/uploads\/2025\/07\/gcd5ba7559e003aec1e310fd4a04962ad4db630e8fb5b8aeef480e9ed35955db503a214ebe5dae838dca5e066176f35d6e3d2175fdef80253ea3c6f05db87365c_1280-2662911.png 360w\" sizes=\"auto, (max-width: 480px) 150px\" src=\"https:\/\/colombialegaledge.co\/wp-content\/uploads\/2025\/07\/gcd5ba7559e003aec1e310fd4a04962ad4db630e8fb5b8aeef480e9ed35955db503a214ebe5dae838dca5e066176f35d6e3d2175fdef80253ea3c6f05db87365c_1280-2662911-300x209.png\" alt=\"cash register, historical, old cash register, mark and penny, machine, old, cash register, cash register, cash register, cash register, cash register\" class=\"uag-image-1588\" width=\"350\" height=\"300\" title=\"cash register, historical, old cash register, mark and penny, machine, old, cash register, cash register, cash register, cash register, cash register\" loading=\"lazy\" role=\"img\"\/><div class=\"wp-block-uagb-image--layout-overlay__color-wrapper\"><\/div><div class=\"wp-block-uagb-image--layout-overlay__inner center-center\"><h2 class=\"uagb-image-heading\">Paso 3: Registra tu marca<\/h2><figcaption class=\"uagb-image-caption\">Presenta tu solicitud de registro en la Superintendencia de Industria y Comercio<\/figcaption><\/div><\/figure><\/div>\n<\/div><\/div>\n\n\n\n<h2 class=\"wp-block-heading has-border-color has-ast-global-color-5-border-color\" style=\"border-width:24px\">Costos de registro en pesos colombianos (2025)<\/h2>\n\n\n\n<div class=\"wp-block-uagb-container uagb-block-6618bad0 alignfull uagb-is-root-container\"><div class=\"uagb-container-inner-blocks-wrap\">\n<figure class=\"wp-block-table is-style-stripes\" style=\"padding-right:var(--wp--preset--spacing--50);padding-left:var(--wp--preset--spacing--50)\"><table class=\"has-ast-global-color-0-color has-text-color has-link-color has-fixed-layout\"><tbody><tr><td class=\"has-text-align-right\" data-align=\"right\">Registro en l\u00ednea (con un 25% de descuento) para marcas que se clasifiquen en una sola categor\u00eda de NIZA.<\/td><td class=\"has-text-align-center\" data-align=\"center\">$ 1.288.000<\/td><\/tr><tr><td class=\"has-text-align-right\" data-align=\"right\">Registro en l\u00ednea (con un 25% de descuento) por cada categor\u00eda adicional de NIZA dentro de la misma solicitud.<\/td><td class=\"has-text-align-center\" data-align=\"center\">$ 644.000<\/td><\/tr><tr><td class=\"has-text-align-right\" data-align=\"right\">Registro en l\u00ednea (con un 25% de descuento) para marcas que caen dentro de una categor\u00eda NIZA para peque\u00f1as y medianas empresas.<\/td><td class=\"has-text-align-center\" data-align=\"center\">$ 928.000<\/td><\/tr><tr><td class=\"has-text-align-right\" data-align=\"right\">Registro en l\u00ednea (con un 25% de descuento) para cada categor\u00eda NIZA adicional dentro de la misma solicitud para peque\u00f1as y medianas empresas.<\/td><td class=\"has-text-align-center\" data-align=\"center\">$ 464.000<\/td><\/tr><\/tbody><\/table><\/figure>\n<\/div><\/div>\n\n\n\n<p><\/p>","protected":false},"excerpt":{"rendered":"<p>Intellectual Property Protecting your ideas is just as important as developing them. We help you register trademarks, license content, and [&hellip;]<\/p>","protected":false},"author":1,"featured_media":0,"parent":74,"menu_order":0,"comment_status":"closed","ping_status":"closed","template":"","meta":{"_surecart_dashboard_logo_width":"180px","_surecart_dashboard_show_logo":true,"_surecart_dashboard_navigation_orders":true,"_surecart_dashboard_navigation_invoices":true,"_surecart_dashboard_navigation_subscriptions":true,"_surecart_dashboard_navigation_downloads":true,"_surecart_dashboard_navigation_billing":true,"_surecart_dashboard_navigation_account":true,"_uag_custom_page_level_css":"","site-sidebar-layout":"default","site-content-layout":"","ast-site-content-layout":"default","site-content-style":"default","site-sidebar-style":"default","ast-global-header-display":"","ast-banner-title-visibility":"","ast-main-header-display":"","ast-hfb-above-header-display":"","ast-hfb-below-header-display":"","ast-hfb-mobile-header-display":"","site-post-title":"","ast-breadcrumbs-content":"","ast-featured-img":"","footer-sml-layout":"","ast-disable-related-posts":"","theme-transparent-header-meta":"","adv-header-id-meta":"","stick-header-meta":"","header-above-stick-meta":"","header-main-stick-meta":"","header-below-stick-meta":"","astra-migrate-meta-layouts":"set","ast-page-background-enabled":"default","ast-page-background-meta":{"desktop":{"background-color":"var(--ast-global-color-4)","background-image":"","background-repeat":"repeat","background-position":"center center","background-size":"auto","background-attachment":"scroll","background-type":"","background-media":"","overlay-type":"","overlay-color":"","overlay-opacity":"","overlay-gradient":""},"tablet":{"background-color":"","background-image":"","background-repeat":"repeat","background-position":"center center","background-size":"auto","background-attachment":"scroll","background-type":"","background-media":"","overlay-type":"","overlay-color":"","overlay-opacity":"","overlay-gradient":""},"mobile":{"background-color":"","background-image":"","background-repeat":"repeat","background-position":"center center","background-size":"auto","background-attachment":"scroll","background-type":"","background-media":"","overlay-type":"","overlay-color":"","overlay-opacity":"","overlay-gradient":""}},"ast-content-background-meta":{"desktop":{"background-color":"var(--ast-global-color-5)","background-image":"","background-repeat":"repeat","background-position":"center center","background-size":"auto","background-attachment":"scroll","background-type":"","background-media":"","overlay-type":"","overlay-color":"","overlay-opacity":"","overlay-gradient":""},"tablet":{"background-color":"var(--ast-global-color-5)","background-image":"","background-repeat":"repeat","background-position":"center center","background-size":"auto","background-attachment":"scroll","background-type":"","background-media":"","overlay-type":"","overlay-color":"","overlay-opacity":"","overlay-gradient":""},"mobile":{"background-color":"var(--ast-global-color-5)","background-image":"","background-repeat":"repeat","background-position":"center center","background-size":"auto","background-attachment":"scroll","background-type":"","background-media":"","overlay-type":"","overlay-color":"","overlay-opacity":"","overlay-gradient":""}},"footnotes":""},"class_list":["post-1384","page","type-page","status-publish","hentry"],"yoast_head":"<!-- This site is optimized with the Yoast SEO plugin v27.4 - https:\/\/yoast.com\/product\/yoast-seo-wordpress\/ -->\n<title>Intellectual Property - Colombia Legal Edge<\/title>\n<meta name=\"robots\" content=\"index, follow, max-snippet:-1, max-image-preview:large, max-video-preview:-1\" \/>\n<link rel=\"canonical\" href=\"https:\/\/colombialegaledge.co\/es\/services\/intellectual-property\/\" \/>\n<meta property=\"og:locale\" content=\"es_ES\" \/>\n<meta property=\"og:type\" content=\"article\" \/>\n<meta property=\"og:title\" content=\"Intellectual Property - Colombia Legal Edge\" \/>\n<meta property=\"og:description\" content=\"Intellectual Property Protecting your ideas is just as important as developing them. We help you register trademarks, license content, and [&hellip;]\" \/>\n<meta property=\"og:url\" content=\"https:\/\/colombialegaledge.co\/es\/services\/intellectual-property\/\" \/>\n<meta property=\"og:site_name\" content=\"Colombia Legal Edge\" \/>\n<meta property=\"article:modified_time\" content=\"2025-07-24T17:09:44+00:00\" \/>\n<meta property=\"og:image\" content=\"https:\/\/colombialegaledge.co\/wp-content\/uploads\/2025\/07\/pexels-photo-392018-392018-300x200.jpg\" \/>\n<meta name=\"twitter:card\" content=\"summary_large_image\" \/>\n<meta name=\"twitter:label1\" content=\"Tiempo de lectura\" \/>\n\t<meta name=\"twitter:data1\" content=\"1 minuto\" \/>\n<script type=\"application\/ld+json\" class=\"yoast-schema-graph\">{\"@context\":\"https:\\\/\\\/schema.org\",\"@graph\":[{\"@type\":\"WebPage\",\"@id\":\"https:\\\/\\\/colombialegaledge.co\\\/services\\\/intellectual-property\\\/\",\"url\":\"https:\\\/\\\/colombialegaledge.co\\\/services\\\/intellectual-property\\\/\",\"name\":\"Intellectual Property - Colombia Legal Edge\",\"isPartOf\":{\"@id\":\"https:\\\/\\\/colombialegaledge.co\\\/#website\"},\"primaryImageOfPage\":{\"@id\":\"https:\\\/\\\/colombialegaledge.co\\\/services\\\/intellectual-property\\\/#primaryimage\"},\"image\":{\"@id\":\"https:\\\/\\\/colombialegaledge.co\\\/services\\\/intellectual-property\\\/#primaryimage\"},\"thumbnailUrl\":\"https:\\\/\\\/colombialegaledge.co\\\/wp-content\\\/uploads\\\/2025\\\/07\\\/pexels-photo-392018-392018-300x200.jpg\",\"datePublished\":\"2025-07-11T16:17:00+00:00\",\"dateModified\":\"2025-07-24T17:09:44+00:00\",\"breadcrumb\":{\"@id\":\"https:\\\/\\\/colombialegaledge.co\\\/services\\\/intellectual-property\\\/#breadcrumb\"},\"inLanguage\":\"es-CO\",\"potentialAction\":[{\"@type\":\"ReadAction\",\"target\":[\"https:\\\/\\\/colombialegaledge.co\\\/services\\\/intellectual-property\\\/\"]}]},{\"@type\":\"ImageObject\",\"inLanguage\":\"es-CO\",\"@id\":\"https:\\\/\\\/colombialegaledge.co\\\/services\\\/intellectual-property\\\/#primaryimage\",\"url\":\"https:\\\/\\\/colombialegaledge.co\\\/wp-content\\\/uploads\\\/2025\\\/07\\\/pexels-photo-392018-392018-300x200.jpg\",\"contentUrl\":\"https:\\\/\\\/colombialegaledge.co\\\/wp-content\\\/uploads\\\/2025\\\/07\\\/pexels-photo-392018-392018-300x200.jpg\"},{\"@type\":\"BreadcrumbList\",\"@id\":\"https:\\\/\\\/colombialegaledge.co\\\/services\\\/intellectual-property\\\/#breadcrumb\",\"itemListElement\":[{\"@type\":\"ListItem\",\"position\":1,\"name\":\"Home\",\"item\":\"https:\\\/\\\/colombialegaledge.co\\\/\"},{\"@type\":\"ListItem\",\"position\":2,\"name\":\"Services\",\"item\":\"https:\\\/\\\/colombialegaledge.co\\\/services\\\/\"},{\"@type\":\"ListItem\",\"position\":3,\"name\":\"Intellectual Property\"}]},{\"@type\":\"WebSite\",\"@id\":\"https:\\\/\\\/colombialegaledge.co\\\/#website\",\"url\":\"https:\\\/\\\/colombialegaledge.co\\\/\",\"name\":\"Colombia Legal Edge\",\"description\":\"Legal Expertise for Doing Business in Colombia\",\"publisher\":{\"@id\":\"https:\\\/\\\/colombialegaledge.co\\\/#organization\"},\"potentialAction\":[{\"@type\":\"SearchAction\",\"target\":{\"@type\":\"EntryPoint\",\"urlTemplate\":\"https:\\\/\\\/colombialegaledge.co\\\/?s={search_term_string}\"},\"query-input\":{\"@type\":\"PropertyValueSpecification\",\"valueRequired\":true,\"valueName\":\"search_term_string\"}}],\"inLanguage\":\"es-CO\"},{\"@type\":\"Organization\",\"@id\":\"https:\\\/\\\/colombialegaledge.co\\\/#organization\",\"name\":\"Colombia Legal Edge\",\"url\":\"https:\\\/\\\/colombialegaledge.co\\\/\",\"logo\":{\"@type\":\"ImageObject\",\"inLanguage\":\"es-CO\",\"@id\":\"https:\\\/\\\/colombialegaledge.co\\\/#\\\/schema\\\/logo\\\/image\\\/\",\"url\":\"https:\\\/\\\/colombialegaledge.co\\\/wp-content\\\/uploads\\\/2025\\\/07\\\/CLE-1.svg\",\"contentUrl\":\"https:\\\/\\\/colombialegaledge.co\\\/wp-content\\\/uploads\\\/2025\\\/07\\\/CLE-1.svg\",\"caption\":\"Colombia Legal Edge\"},\"image\":{\"@id\":\"https:\\\/\\\/colombialegaledge.co\\\/#\\\/schema\\\/logo\\\/image\\\/\"}}]}<\/script>\n<!-- \/ Yoast SEO plugin. -->","yoast_head_json":{"title":"Intellectual Property - Colombia Legal Edge","robots":{"index":"index","follow":"follow","max-snippet":"max-snippet:-1","max-image-preview":"max-image-preview:large","max-video-preview":"max-video-preview:-1"},"canonical":"https:\/\/colombialegaledge.co\/es\/services\/intellectual-property\/","og_locale":"es_ES","og_type":"article","og_title":"Intellectual Property - Colombia Legal Edge","og_description":"Intellectual Property Protecting your ideas is just as important as developing them. We help you register trademarks, license content, and [&hellip;]","og_url":"https:\/\/colombialegaledge.co\/es\/services\/intellectual-property\/","og_site_name":"Colombia Legal Edge","article_modified_time":"2025-07-24T17:09:44+00:00","og_image":[{"url":"https:\/\/colombialegaledge.co\/wp-content\/uploads\/2025\/07\/pexels-photo-392018-392018-300x200.jpg","type":"","width":"","height":""}],"twitter_card":"summary_large_image","twitter_misc":{"Tiempo de lectura":"1 minuto"},"schema":{"@context":"https:\/\/schema.org","@graph":[{"@type":"WebPage","@id":"https:\/\/colombialegaledge.co\/services\/intellectual-property\/","url":"https:\/\/colombialegaledge.co\/services\/intellectual-property\/","name":"Intellectual Property - Colombia Legal Edge","isPartOf":{"@id":"https:\/\/colombialegaledge.co\/#website"},"primaryImageOfPage":{"@id":"https:\/\/colombialegaledge.co\/services\/intellectual-property\/#primaryimage"},"image":{"@id":"https:\/\/colombialegaledge.co\/services\/intellectual-property\/#primaryimage"},"thumbnailUrl":"https:\/\/colombialegaledge.co\/wp-content\/uploads\/2025\/07\/pexels-photo-392018-392018-300x200.jpg","datePublished":"2025-07-11T16:17:00+00:00","dateModified":"2025-07-24T17:09:44+00:00","breadcrumb":{"@id":"https:\/\/colombialegaledge.co\/services\/intellectual-property\/#breadcrumb"},"inLanguage":"es-CO","potentialAction":[{"@type":"ReadAction","target":["https:\/\/colombialegaledge.co\/services\/intellectual-property\/"]}]},{"@type":"ImageObject","inLanguage":"es-CO","@id":"https:\/\/colombialegaledge.co\/services\/intellectual-property\/#primaryimage","url":"https:\/\/colombialegaledge.co\/wp-content\/uploads\/2025\/07\/pexels-photo-392018-392018-300x200.jpg","contentUrl":"https:\/\/colombialegaledge.co\/wp-content\/uploads\/2025\/07\/pexels-photo-392018-392018-300x200.jpg"},{"@type":"BreadcrumbList","@id":"https:\/\/colombialegaledge.co\/services\/intellectual-property\/#breadcrumb","itemListElement":[{"@type":"ListItem","position":1,"name":"Home","item":"https:\/\/colombialegaledge.co\/"},{"@type":"ListItem","position":2,"name":"Services","item":"https:\/\/colombialegaledge.co\/services\/"},{"@type":"ListItem","position":3,"name":"Intellectual Property"}]},{"@type":"WebSite","@id":"https:\/\/colombialegaledge.co\/#website","url":"https:\/\/colombialegaledge.co\/","name":"Colombia Legal Edge","description":"Legal Expertise for Doing Business in Colombia","publisher":{"@id":"https:\/\/colombialegaledge.co\/#organization"},"potentialAction":[{"@type":"SearchAction","target":{"@type":"EntryPoint","urlTemplate":"https:\/\/colombialegaledge.co\/?s={search_term_string}"},"query-input":{"@type":"PropertyValueSpecification","valueRequired":true,"valueName":"search_term_string"}}],"inLanguage":"es-CO"},{"@type":"Organization","@id":"https:\/\/colombialegaledge.co\/#organization","name":"Colombia Legal Edge","url":"https:\/\/colombialegaledge.co\/","logo":{"@type":"ImageObject","inLanguage":"es-CO","@id":"https:\/\/colombialegaledge.co\/#\/schema\/logo\/image\/","url":"https:\/\/colombialegaledge.co\/wp-content\/uploads\/2025\/07\/CLE-1.svg","contentUrl":"https:\/\/colombialegaledge.co\/wp-content\/uploads\/2025\/07\/CLE-1.svg","caption":"Colombia Legal Edge"},"image":{"@id":"https:\/\/colombialegaledge.co\/#\/schema\/logo\/image\/"}}]}},"uagb_featured_image_src":{"full":false,"thumbnail":false,"medium":false,"medium_large":false,"large":false,"1536x1536":false,"2048x2048":false,"trp-custom-language-flag":false},"uagb_author_info":{"display_name":"salazar.b.juliana@gmail.com","author_link":"https:\/\/colombialegaledge.co\/es\/author\/salazar-b-julianagmail-com\/"},"uagb_comment_info":0,"uagb_excerpt":"Intellectual Property Protecting your ideas is just as important as developing them. We help you register trademarks, license content, and [&hellip;]","_links":{"self":[{"href":"https:\/\/colombialegaledge.co\/es\/wp-json\/wp\/v2\/pages\/1384","targetHints":{"allow":["GET"]}}],"collection":[{"href":"https:\/\/colombialegaledge.co\/es\/wp-json\/wp\/v2\/pages"}],"about":[{"href":"https:\/\/colombialegaledge.co\/es\/wp-json\/wp\/v2\/types\/page"}],"author":[{"embeddable":true,"href":"https:\/\/colombialegaledge.co\/es\/wp-json\/wp\/v2\/users\/1"}],"replies":[{"embeddable":true,"href":"https:\/\/colombialegaledge.co\/es\/wp-json\/wp\/v2\/comments?post=1384"}],"version-history":[{"count":26,"href":"https:\/\/colombialegaledge.co\/es\/wp-json\/wp\/v2\/pages\/1384\/revisions"}],"predecessor-version":[{"id":1830,"href":"https:\/\/colombialegaledge.co\/es\/wp-json\/wp\/v2\/pages\/1384\/revisions\/1830"}],"up":[{"embeddable":true,"href":"https:\/\/colombialegaledge.co\/es\/wp-json\/wp\/v2\/pages\/74"}],"wp:attachment":[{"href":"https:\/\/colombialegaledge.co\/es\/wp-json\/wp\/v2\/media?parent=1384"}],"curies":[{"name":"wp","href":"https:\/\/api.w.org\/{rel}","templated":true}]}}