{"id":1380,"date":"2025-07-11T16:16:39","date_gmt":"2025-07-11T16:16:39","guid":{"rendered":"https:\/\/colombialegaledge.co\/?page_id=1380"},"modified":"2025-07-21T21:26:18","modified_gmt":"2025-07-21T21:26:18","slug":"employment-labor-law","status":"publish","type":"page","link":"https:\/\/colombialegaledge.co\/es\/services\/employment-labor-law\/","title":{"rendered":"Derecho Laboral"},"content":{"rendered":"<div class=\"wp-block-uagb-container uagb-block-dd87dc24 alignfull uagb-is-root-container\"><div class=\"uagb-container-inner-blocks-wrap\">\n<h2 class=\"wp-block-heading has-text-align-center\" style=\"font-size:58px\">Derecho Laboral<\/h2>\n\n\n\n<p class=\"has-text-align-center\" style=\"border-style:none;border-width:0px;padding-right:0;padding-left:0\">Contratar en Colombia implica matices legales y culturales. Acompa\u00f1amos tu estrategia de talento humano con contratos ajustados a la normativa, pol\u00edticas internas, y orientaci\u00f3n pr\u00e1ctica en auditor\u00edas, conflictos y cambios de equipo.<\/p>\n<\/div><\/div>\n\n\n\n<div class=\"wp-block-uagb-container uagb-block-8895cf83 alignfull uagb-is-root-container\"><div class=\"uagb-container-inner-blocks-wrap\">\n<div class=\"wp-block-uagb-buttons uagb-buttons__outer-wrap uagb-btn__default-btn uagb-btn-tablet__default-btn uagb-btn-mobile__default-btn uagb-block-cbe6fe95\"><div class=\"uagb-buttons__wrap uagb-buttons-layout-wrap\">\n<div class=\"wp-block-uagb-buttons-child uagb-buttons__outer-wrap uagb-block-609023ad wp-block-button\"><div class=\"uagb-button__wrapper\"><a class=\"uagb-buttons-repeater wp-block-button__link\" aria-label=\"\" href=\"https:\/\/calendly.com\/juliana-colombialegaledge\/30min\" rel=\"follow noopener\" target=\"_self\" role=\"button\"><div class=\"uagb-button__link\">Agenda una consulta gratis<\/div><\/a><\/div><\/div>\n<\/div><\/div>\n<\/div><\/div>\n\n\n\n<div class=\"wp-block-uagb-container uagb-block-e473270c alignfull uagb-is-root-container\"><div class=\"uagb-container-inner-blocks-wrap\">\n<div class=\"wp-block-uagb-container uagb-block-01f4f6d6\">\n<div class=\"wp-block-uagb-info-box uagb-block-0cbeceba uagb-infobox__content-wrap  uagb-infobox-icon-above-title uagb-infobox-image-valign-top\"><div class=\"uagb-ifb-content\"><div class=\"uagb-ifb-icon-wrap\"><svg xmlns=\"https:\/\/www.w3.org\/2000\/svg\" viewbox=\"0 0 384 512\"><path d=\"M256 0v128h128L256 0zM224 128L224 0H48C21.49 0 0 21.49 0 48v416C0 490.5 21.49 512 48 512h288c26.51 0 48-21.49 48-48V160h-127.1C238.3 160 224 145.7 224 128zM64 72C64 67.63 67.63 64 72 64h80C156.4 64 160 67.63 160 72v16C160 92.38 156.4 96 152 96h-80C67.63 96 64 92.38 64 88V72zM64 136C64 131.6 67.63 128 72 128h80C156.4 128 160 131.6 160 136v16C160 156.4 156.4 160 152 160h-80C67.63 160 64 156.4 64 152V136zM304 384c8.875 0 16 7.125 16 16S312.9 416 304 416h-47.25c-16.38 0-31.25-9.125-38.63-23.88c-2.875-5.875-8-6.5-10.12-6.5s-7.25 .625-10 6.125l-7.75 15.38C187.6 412.6 181.1 416 176 416H174.9c-6.5-.5-12-4.75-14-11L144 354.6L133.4 386.5C127.5 404.1 111 416 92.38 416H80C71.13 416 64 408.9 64 400S71.13 384 80 384h12.38c4.875 0 9.125-3.125 10.62-7.625l18.25-54.63C124.5 311.9 133.6 305.3 144 305.3s19.5 6.625 22.75 16.5l13.88 41.63c19.75-16.25 54.13-9.75 66 14.12c2 4 6 6.5 10.12 6.5H304z\"><\/path><\/svg><\/div><div class=\"uagb-ifb-title-wrap\"><h3 class=\"uagb-ifb-title\">Contratos laborales<\/h3><\/div><p class=\"uagb-ifb-desc\">De principio a fin<\/p><\/div><\/div>\n<\/div>\n\n\n\n<div class=\"wp-block-uagb-container uagb-block-e091ecf7\">\n<div class=\"wp-block-uagb-info-box uagb-block-d53698cd uagb-infobox__content-wrap  uagb-infobox-icon-above-title uagb-infobox-image-valign-top\"><div class=\"uagb-ifb-content\"><div class=\"uagb-ifb-icon-wrap\"><svg xmlns=\"https:\/\/www.w3.org\/2000\/svg\" viewbox=\"0 0 640 512\"><path d=\"M184 88C184 118.9 158.9 144 128 144C97.07 144 72 118.9 72 88C72 57.07 97.07 32 128 32C158.9 32 184 57.07 184 88zM208.4 196.3C178.7 222.7 160 261.2 160 304C160 338.3 171.1 369.8 192 394.5V416C192 433.7 177.7 448 160 448H96C78.33 448 64 433.7 64 416V389.2C26.16 371.2 0 332.7 0 288C0 226.1 50.14 176 112 176H144C167.1 176 190.2 183.5 208.4 196.3V196.3zM64 245.7C54.04 256.9 48 271.8 48 288C48 304.2 54.04 319.1 64 330.3V245.7zM448 416V394.5C468 369.8 480 338.3 480 304C480 261.2 461.3 222.7 431.6 196.3C449.8 183.5 472 176 496 176H528C589.9 176 640 226.1 640 288C640 332.7 613.8 371.2 576 389.2V416C576 433.7 561.7 448 544 448H480C462.3 448 448 433.7 448 416zM576 330.3C585.1 319.1 592 304.2 592 288C592 271.8 585.1 256.9 576 245.7V330.3zM568 88C568 118.9 542.9 144 512 144C481.1 144 456 118.9 456 88C456 57.07 481.1 32 512 32C542.9 32 568 57.07 568 88zM256 96C256 60.65 284.7 32 320 32C355.3 32 384 60.65 384 96C384 131.3 355.3 160 320 160C284.7 160 256 131.3 256 96zM448 304C448 348.7 421.8 387.2 384 405.2V448C384 465.7 369.7 480 352 480H288C270.3 480 256 465.7 256 448V405.2C218.2 387.2 192 348.7 192 304C192 242.1 242.1 192 304 192H336C397.9 192 448 242.1 448 304zM256 346.3V261.7C246 272.9 240 287.8 240 304C240 320.2 246 335.1 256 346.3zM384 261.7V346.3C393.1 335 400 320.2 400 304C400 287.8 393.1 272.9 384 261.7z\"><\/path><\/svg><\/div><div class=\"uagb-ifb-title-wrap\"><h3 class=\"uagb-ifb-title\">Pol\u00edticas de RRHH<\/h3><\/div><p class=\"uagb-ifb-desc\">Reglamento interno de trabajo<\/p><\/div><\/div>\n<\/div>\n\n\n\n<div class=\"wp-block-uagb-container uagb-block-b7c39352\">\n<div class=\"wp-block-uagb-info-box uagb-block-d55ffb49 uagb-infobox__content-wrap  uagb-infobox-icon-above-title uagb-infobox-image-valign-top\"><div class=\"uagb-ifb-content\"><div class=\"uagb-ifb-icon-wrap\"><svg xmlns=\"https:\/\/www.w3.org\/2000\/svg\" viewbox=\"0 0 448 512\"><path d=\"M448 336v-288C448 21.49 426.5 0 400 0H96C42.98 0 0 42.98 0 96v320c0 53.02 42.98 96 96 96h320c17.67 0 32-14.33 32-31.1c0-11.72-6.607-21.52-16-27.1v-81.36C441.8 362.8 448 350.2 448 336zM143.1 128h192C344.8 128 352 135.2 352 144C352 152.8 344.8 160 336 160H143.1C135.2 160 128 152.8 128 144C128 135.2 135.2 128 143.1 128zM143.1 192h192C344.8 192 352 199.2 352 208C352 216.8 344.8 224 336 224H143.1C135.2 224 128 216.8 128 208C128 199.2 135.2 192 143.1 192zM384 448H96c-17.67 0-32-14.33-32-32c0-17.67 14.33-32 32-32h288V448z\"><\/path><\/svg><\/div><div class=\"uagb-ifb-title-wrap\"><h3 class=\"uagb-ifb-title\">Regulaciones laborales<\/h3><\/div><p class=\"uagb-ifb-desc\">Asesor\u00eda seg\u00fan necesidades<\/p><\/div><\/div>\n<\/div>\n<\/div><\/div>\n\n\n\n<div class=\"wp-block-uagb-container uagb-block-7b1dcf41 alignfull uagb-is-root-container\"><div class=\"uagb-container-inner-blocks-wrap\">\n<div class=\"wp-block-uagb-container uagb-block-6a8f9126\">\n<div class=\"wp-block-uagb-info-box uagb-block-b91a9bfb uagb-infobox__content-wrap  uagb-infobox-icon-above-title uagb-infobox-image-valign-top\"><div class=\"uagb-ifb-content\"><div class=\"uagb-ifb-icon-wrap\"><svg xmlns=\"https:\/\/www.w3.org\/2000\/svg\" viewbox=\"0 0 512 512\"><path d=\"M480 128v208c0 97.05-78.95 176-176 176h-37.72c-53.42 0-103.7-20.8-141.4-58.58l-113.1-113.1C3.906 332.5 0 322.2 0 312C0 290.7 17.15 272 40 272c10.23 0 20.47 3.906 28.28 11.72L128 343.4V64c0-17.67 14.33-32 32-32s32 14.33 32 32l.0729 176C192.1 248.8 199.2 256 208 256s16.07-7.164 16.07-16L224 32c0-17.67 14.33-32 32-32s32 14.33 32 32l.0484 208c0 8.836 7.111 16 15.95 16S320 248.8 320 240L320 64c0-17.67 14.33-32 32-32s32 14.33 32 32l.0729 176c0 8.836 7.091 16 15.93 16S416 248.8 416 240V128c0-17.67 14.33-32 32-32S480 110.3 480 128z\"><\/path><\/svg><\/div><div class=\"uagb-ifb-title-wrap\"><h3 class=\"uagb-ifb-title\">Procesos disciplinarios<\/h3><\/div><p class=\"uagb-ifb-desc\">Incluyendo documentaci\u00f3n necesaria<\/p><\/div><\/div>\n<\/div>\n\n\n\n<div class=\"wp-block-uagb-container uagb-block-91c67e93\">\n<div class=\"wp-block-uagb-info-box uagb-block-6c6f2650 uagb-infobox__content-wrap  uagb-infobox-icon-above-title uagb-infobox-image-valign-top\"><div class=\"uagb-ifb-content\"><div class=\"uagb-ifb-icon-wrap\"><svg xmlns=\"https:\/\/www.w3.org\/2000\/svg\" viewbox=\"0 0 512 512\"><path d=\"M500.3 443.7l-119.7-119.7c27.22-40.41 40.65-90.9 33.46-144.7C401.8 87.79 326.8 13.32 235.2 1.723C99.01-15.51-15.51 99.01 1.724 235.2c11.6 91.64 86.08 166.7 177.6 178.9c53.8 7.189 104.3-6.236 144.7-33.46l119.7 119.7c15.62 15.62 40.95 15.62 56.57 0C515.9 484.7 515.9 459.3 500.3 443.7zM79.1 208c0-70.58 57.42-128 128-128s128 57.42 128 128c0 70.58-57.42 128-128 128S79.1 278.6 79.1 208z\"><\/path><\/svg><\/div><div class=\"uagb-ifb-title-wrap\"><h3 class=\"uagb-ifb-title\">Cumplimiento laboral<\/h3><\/div><p class=\"uagb-ifb-desc\">Auditor\u00edas y recomendaciones<\/p><\/div><\/div>\n<\/div>\n\n\n\n<div class=\"wp-block-uagb-container uagb-block-3a5732be\">\n<div class=\"wp-block-uagb-info-box uagb-block-a4599a06 uagb-infobox__content-wrap  uagb-infobox-icon-above-title uagb-infobox-image-valign-top\"><div class=\"uagb-ifb-content\"><div class=\"uagb-ifb-icon-wrap\"><svg xmlns=\"https:\/\/www.w3.org\/2000\/svg\" viewbox=\"0 0 576 512\"><path d=\"M96 96h384v288h64V72C544 50 525.1 32 504 32H72C49.1 32 32 50 32 72V384h64V96zM560 416H416v-48c0-8.838-7.164-16-16-16h-160C231.2 352 224 359.2 224 368V416H16C7.164 416 0 423.2 0 432v32C0 472.8 7.164 480 16 480h544c8.836 0 16-7.164 16-16v-32C576 423.2 568.8 416 560 416z\"><\/path><\/svg><\/div><div class=\"uagb-ifb-title-wrap\"><h3 class=\"uagb-ifb-title\">Capacitaciones<\/h3><\/div><p class=\"uagb-ifb-desc\">A veces requeridas por ley<\/p><\/div><\/div>\n<\/div>\n<\/div><\/div>\n\n\n\n<div class=\"wp-block-uagb-container uagb-block-ebdaa51e alignfull uagb-is-root-container\"><div class=\"uagb-container-inner-blocks-wrap\">\n<h2 class=\"wp-block-heading has-text-align-center has-border-color has-ast-global-color-5-border-color\" style=\"border-width:24px;font-size:35px\">Licencias obligatorias en Colombia: Ejemplos y requisitos seg\u00fan la ley laboral<\/h2>\n\n\n\n<p style=\"border-style:none;border-width:0px\">Sabemos que la noci\u00f3n de licencias remuneradas var\u00eda significativamente de un pa\u00eds a otro, especialmente cuando se comparan sistemas de derecho civil como el colombiano con jurisdicciones de derecho anglosaj\u00f3n. A continuaci\u00f3n, te presentamos un breve ejemplo para que entiendas las licencias y permisos obligatorios que exige la legislaci\u00f3n laboral colombiana para los empleados:<\/p>\n<\/div><\/div>\n\n\n\n<div class=\"wp-block-uagb-container uagb-block-e9c48ae8 alignfull uagb-is-root-container\"><div class=\"uagb-container-inner-blocks-wrap\">\n<figure class=\"wp-block-table is-style-stripes\" style=\"padding-right:var(--wp--preset--spacing--50);padding-left:var(--wp--preset--spacing--50)\"><table class=\"has-ast-global-color-0-color has-text-color has-link-color has-fixed-layout\"><tbody><tr><td>Vacaciones pagas<\/td><td>15 d\u00edas h\u00e1biles por cada a\u00f1o de trabajo<\/td><\/tr><tr><td>Incapacidad m\u00e9dica<\/td><td>El empleador paga los primeros dos d\u00edas y luego la EPS (Entidad Promotora de Salud, cuya afiliaci\u00f3n es obligatoria para todos los empleados) para un porcentaje<\/td><\/tr><tr><td>Licencia de maternidad<\/td><td>18 semanas pagadas por el empleador y reembolsadas por la EPS<\/td><\/tr><tr><td>Licencia de paternidad<\/td><td>2 semanas pagadas por el empleador y reembolsadas por la EPS<\/td><\/tr><tr><td>Licencia por luto <\/td><td>5 d\u00edas h\u00e1biles pagados por el empleador<\/td><\/tr><tr><td>Licencia por matrimonio<\/td><td>5 d\u00edas h\u00e1biles pagados por el empleador<\/td><\/tr><\/tbody><\/table><\/figure>\n<\/div><\/div>\n\n\n\n<p><\/p>","protected":false},"excerpt":{"rendered":"<p>Employment &amp; Labor Law Hiring in Colombia comes with legal and cultural nuances. We support your HR strategy with compliant [&hellip;]<\/p>","protected":false},"author":1,"featured_media":0,"parent":74,"menu_order":0,"comment_status":"closed","ping_status":"closed","template":"","meta":{"_surecart_dashboard_logo_width":"180px","_surecart_dashboard_show_logo":true,"_surecart_dashboard_navigation_orders":true,"_surecart_dashboard_navigation_invoices":true,"_surecart_dashboard_navigation_subscriptions":true,"_surecart_dashboard_navigation_downloads":true,"_surecart_dashboard_navigation_billing":true,"_surecart_dashboard_navigation_account":true,"_uag_custom_page_level_css":"","site-sidebar-layout":"default","site-content-layout":"","ast-site-content-layout":"default","site-content-style":"default","site-sidebar-style":"default","ast-global-header-display":"","ast-banner-title-visibility":"","ast-main-header-display":"","ast-hfb-above-header-display":"","ast-hfb-below-header-display":"","ast-hfb-mobile-header-display":"","site-post-title":"disabled","ast-breadcrumbs-content":"","ast-featured-img":"","footer-sml-layout":"","ast-disable-related-posts":"","theme-transparent-header-meta":"","adv-header-id-meta":"","stick-header-meta":"","header-above-stick-meta":"","header-main-stick-meta":"","header-below-stick-meta":"","astra-migrate-meta-layouts":"set","ast-page-background-enabled":"default","ast-page-background-meta":{"desktop":{"background-color":"var(--ast-global-color-4)","background-image":"","background-repeat":"repeat","background-position":"center center","background-size":"auto","background-attachment":"scroll","background-type":"","background-media":"","overlay-type":"","overlay-color":"","overlay-opacity":"","overlay-gradient":""},"tablet":{"background-color":"","background-image":"","background-repeat":"repeat","background-position":"center center","background-size":"auto","background-attachment":"scroll","background-type":"","background-media":"","overlay-type":"","overlay-color":"","overlay-opacity":"","overlay-gradient":""},"mobile":{"background-color":"","background-image":"","background-repeat":"repeat","background-position":"center center","background-size":"auto","background-attachment":"scroll","background-type":"","background-media":"","overlay-type":"","overlay-color":"","overlay-opacity":"","overlay-gradient":""}},"ast-content-background-meta":{"desktop":{"background-color":"var(--ast-global-color-5)","background-image":"","background-repeat":"repeat","background-position":"center center","background-size":"auto","background-attachment":"scroll","background-type":"","background-media":"","overlay-type":"","overlay-color":"","overlay-opacity":"","overlay-gradient":""},"tablet":{"background-color":"var(--ast-global-color-5)","background-image":"","background-repeat":"repeat","background-position":"center center","background-size":"auto","background-attachment":"scroll","background-type":"","background-media":"","overlay-type":"","overlay-color":"","overlay-opacity":"","overlay-gradient":""},"mobile":{"background-color":"var(--ast-global-color-5)","background-image":"","background-repeat":"repeat","background-position":"center center","background-size":"auto","background-attachment":"scroll","background-type":"","background-media":"","overlay-type":"","overlay-color":"","overlay-opacity":"","overlay-gradient":""}},"footnotes":""},"class_list":["post-1380","page","type-page","status-publish","hentry"],"yoast_head":"<!-- This site is optimized with the Yoast SEO plugin v27.4 - https:\/\/yoast.com\/product\/yoast-seo-wordpress\/ -->\n<title>Employment &amp; Labor Law - Colombia Legal Edge<\/title>\n<meta name=\"robots\" content=\"index, follow, max-snippet:-1, max-image-preview:large, max-video-preview:-1\" \/>\n<link rel=\"canonical\" href=\"https:\/\/colombialegaledge.co\/es\/services\/employment-labor-law\/\" \/>\n<meta property=\"og:locale\" content=\"es_ES\" \/>\n<meta property=\"og:type\" content=\"article\" \/>\n<meta property=\"og:title\" content=\"Employment &amp; Labor Law - Colombia Legal Edge\" \/>\n<meta property=\"og:description\" content=\"Employment &amp; Labor Law Hiring in Colombia comes with legal and cultural nuances. We support your HR strategy with compliant [&hellip;]\" \/>\n<meta property=\"og:url\" content=\"https:\/\/colombialegaledge.co\/es\/services\/employment-labor-law\/\" \/>\n<meta property=\"og:site_name\" content=\"Colombia Legal Edge\" \/>\n<meta property=\"article:modified_time\" content=\"2025-07-21T21:26:18+00:00\" \/>\n<meta name=\"twitter:card\" content=\"summary_large_image\" \/>\n<meta name=\"twitter:label1\" content=\"Tiempo de lectura\" \/>\n\t<meta name=\"twitter:data1\" content=\"1 minuto\" \/>\n<script type=\"application\/ld+json\" class=\"yoast-schema-graph\">{\"@context\":\"https:\\\/\\\/schema.org\",\"@graph\":[{\"@type\":\"WebPage\",\"@id\":\"https:\\\/\\\/colombialegaledge.co\\\/services\\\/employment-labor-law\\\/\",\"url\":\"https:\\\/\\\/colombialegaledge.co\\\/services\\\/employment-labor-law\\\/\",\"name\":\"Employment &amp; Labor Law - Colombia Legal Edge\",\"isPartOf\":{\"@id\":\"https:\\\/\\\/colombialegaledge.co\\\/#website\"},\"datePublished\":\"2025-07-11T16:16:39+00:00\",\"dateModified\":\"2025-07-21T21:26:18+00:00\",\"breadcrumb\":{\"@id\":\"https:\\\/\\\/colombialegaledge.co\\\/services\\\/employment-labor-law\\\/#breadcrumb\"},\"inLanguage\":\"es-CO\",\"potentialAction\":[{\"@type\":\"ReadAction\",\"target\":[\"https:\\\/\\\/colombialegaledge.co\\\/services\\\/employment-labor-law\\\/\"]}]},{\"@type\":\"BreadcrumbList\",\"@id\":\"https:\\\/\\\/colombialegaledge.co\\\/services\\\/employment-labor-law\\\/#breadcrumb\",\"itemListElement\":[{\"@type\":\"ListItem\",\"position\":1,\"name\":\"Home\",\"item\":\"https:\\\/\\\/colombialegaledge.co\\\/\"},{\"@type\":\"ListItem\",\"position\":2,\"name\":\"Services\",\"item\":\"https:\\\/\\\/colombialegaledge.co\\\/services\\\/\"},{\"@type\":\"ListItem\",\"position\":3,\"name\":\"Employment &amp; Labor Law\"}]},{\"@type\":\"WebSite\",\"@id\":\"https:\\\/\\\/colombialegaledge.co\\\/#website\",\"url\":\"https:\\\/\\\/colombialegaledge.co\\\/\",\"name\":\"Colombia Legal Edge\",\"description\":\"Legal Expertise for Doing Business in Colombia\",\"publisher\":{\"@id\":\"https:\\\/\\\/colombialegaledge.co\\\/#organization\"},\"potentialAction\":[{\"@type\":\"SearchAction\",\"target\":{\"@type\":\"EntryPoint\",\"urlTemplate\":\"https:\\\/\\\/colombialegaledge.co\\\/?s={search_term_string}\"},\"query-input\":{\"@type\":\"PropertyValueSpecification\",\"valueRequired\":true,\"valueName\":\"search_term_string\"}}],\"inLanguage\":\"es-CO\"},{\"@type\":\"Organization\",\"@id\":\"https:\\\/\\\/colombialegaledge.co\\\/#organization\",\"name\":\"Colombia Legal Edge\",\"url\":\"https:\\\/\\\/colombialegaledge.co\\\/\",\"logo\":{\"@type\":\"ImageObject\",\"inLanguage\":\"es-CO\",\"@id\":\"https:\\\/\\\/colombialegaledge.co\\\/#\\\/schema\\\/logo\\\/image\\\/\",\"url\":\"https:\\\/\\\/colombialegaledge.co\\\/wp-content\\\/uploads\\\/2025\\\/07\\\/CLE-1.svg\",\"contentUrl\":\"https:\\\/\\\/colombialegaledge.co\\\/wp-content\\\/uploads\\\/2025\\\/07\\\/CLE-1.svg\",\"caption\":\"Colombia Legal Edge\"},\"image\":{\"@id\":\"https:\\\/\\\/colombialegaledge.co\\\/#\\\/schema\\\/logo\\\/image\\\/\"}}]}<\/script>\n<!-- \/ Yoast SEO plugin. -->","yoast_head_json":{"title":"Employment &amp; Labor Law - Colombia Legal Edge","robots":{"index":"index","follow":"follow","max-snippet":"max-snippet:-1","max-image-preview":"max-image-preview:large","max-video-preview":"max-video-preview:-1"},"canonical":"https:\/\/colombialegaledge.co\/es\/services\/employment-labor-law\/","og_locale":"es_ES","og_type":"article","og_title":"Employment &amp; Labor Law - Colombia Legal Edge","og_description":"Employment &amp; Labor Law Hiring in Colombia comes with legal and cultural nuances. We support your HR strategy with compliant [&hellip;]","og_url":"https:\/\/colombialegaledge.co\/es\/services\/employment-labor-law\/","og_site_name":"Colombia Legal Edge","article_modified_time":"2025-07-21T21:26:18+00:00","twitter_card":"summary_large_image","twitter_misc":{"Tiempo de lectura":"1 minuto"},"schema":{"@context":"https:\/\/schema.org","@graph":[{"@type":"WebPage","@id":"https:\/\/colombialegaledge.co\/services\/employment-labor-law\/","url":"https:\/\/colombialegaledge.co\/services\/employment-labor-law\/","name":"Employment &amp; Labor Law - Colombia Legal Edge","isPartOf":{"@id":"https:\/\/colombialegaledge.co\/#website"},"datePublished":"2025-07-11T16:16:39+00:00","dateModified":"2025-07-21T21:26:18+00:00","breadcrumb":{"@id":"https:\/\/colombialegaledge.co\/services\/employment-labor-law\/#breadcrumb"},"inLanguage":"es-CO","potentialAction":[{"@type":"ReadAction","target":["https:\/\/colombialegaledge.co\/services\/employment-labor-law\/"]}]},{"@type":"BreadcrumbList","@id":"https:\/\/colombialegaledge.co\/services\/employment-labor-law\/#breadcrumb","itemListElement":[{"@type":"ListItem","position":1,"name":"Home","item":"https:\/\/colombialegaledge.co\/"},{"@type":"ListItem","position":2,"name":"Services","item":"https:\/\/colombialegaledge.co\/services\/"},{"@type":"ListItem","position":3,"name":"Employment &amp; Labor Law"}]},{"@type":"WebSite","@id":"https:\/\/colombialegaledge.co\/#website","url":"https:\/\/colombialegaledge.co\/","name":"Colombia Legal Edge","description":"Legal Expertise for Doing Business in Colombia","publisher":{"@id":"https:\/\/colombialegaledge.co\/#organization"},"potentialAction":[{"@type":"SearchAction","target":{"@type":"EntryPoint","urlTemplate":"https:\/\/colombialegaledge.co\/?s={search_term_string}"},"query-input":{"@type":"PropertyValueSpecification","valueRequired":true,"valueName":"search_term_string"}}],"inLanguage":"es-CO"},{"@type":"Organization","@id":"https:\/\/colombialegaledge.co\/#organization","name":"Colombia Legal Edge","url":"https:\/\/colombialegaledge.co\/","logo":{"@type":"ImageObject","inLanguage":"es-CO","@id":"https:\/\/colombialegaledge.co\/#\/schema\/logo\/image\/","url":"https:\/\/colombialegaledge.co\/wp-content\/uploads\/2025\/07\/CLE-1.svg","contentUrl":"https:\/\/colombialegaledge.co\/wp-content\/uploads\/2025\/07\/CLE-1.svg","caption":"Colombia Legal Edge"},"image":{"@id":"https:\/\/colombialegaledge.co\/#\/schema\/logo\/image\/"}}]}},"uagb_featured_image_src":{"full":false,"thumbnail":false,"medium":false,"medium_large":false,"large":false,"1536x1536":false,"2048x2048":false,"trp-custom-language-flag":false},"uagb_author_info":{"display_name":"salazar.b.juliana@gmail.com","author_link":"https:\/\/colombialegaledge.co\/es\/author\/salazar-b-julianagmail-com\/"},"uagb_comment_info":0,"uagb_excerpt":"Employment &amp; Labor Law Hiring in Colombia comes with legal and cultural nuances. We support your HR strategy with compliant [&hellip;]","_links":{"self":[{"href":"https:\/\/colombialegaledge.co\/es\/wp-json\/wp\/v2\/pages\/1380","targetHints":{"allow":["GET"]}}],"collection":[{"href":"https:\/\/colombialegaledge.co\/es\/wp-json\/wp\/v2\/pages"}],"about":[{"href":"https:\/\/colombialegaledge.co\/es\/wp-json\/wp\/v2\/types\/page"}],"author":[{"embeddable":true,"href":"https:\/\/colombialegaledge.co\/es\/wp-json\/wp\/v2\/users\/1"}],"replies":[{"embeddable":true,"href":"https:\/\/colombialegaledge.co\/es\/wp-json\/wp\/v2\/comments?post=1380"}],"version-history":[{"count":33,"href":"https:\/\/colombialegaledge.co\/es\/wp-json\/wp\/v2\/pages\/1380\/revisions"}],"predecessor-version":[{"id":1820,"href":"https:\/\/colombialegaledge.co\/es\/wp-json\/wp\/v2\/pages\/1380\/revisions\/1820"}],"up":[{"embeddable":true,"href":"https:\/\/colombialegaledge.co\/es\/wp-json\/wp\/v2\/pages\/74"}],"wp:attachment":[{"href":"https:\/\/colombialegaledge.co\/es\/wp-json\/wp\/v2\/media?parent=1380"}],"curies":[{"name":"wp","href":"https:\/\/api.w.org\/{rel}","templated":true}]}}