{"id":1378,"date":"2025-07-11T16:16:28","date_gmt":"2025-07-11T16:16:28","guid":{"rendered":"https:\/\/colombialegaledge.co\/?page_id=1378"},"modified":"2025-07-28T13:19:18","modified_gmt":"2025-07-28T13:19:18","slug":"commercial-contracts","status":"publish","type":"page","link":"https:\/\/colombialegaledge.co\/es\/services\/commercial-contracts\/","title":{"rendered":"Contratos comerciales"},"content":{"rendered":"<h2 class=\"wp-block-heading has-text-align-center has-ast-global-color-0-color has-text-color has-link-color wp-elements-4c13615c6967b49e73e52f47e05f5977\" style=\"margin-top:9px;margin-bottom:9px;padding-top:0;padding-bottom:0;font-size:58px\">Contratos comerciales<\/h2>\n\n\n\n<p class=\"has-text-align-center has-border-color has-ast-global-color-5-border-color\" style=\"border-width:24px\">Los contratos definen las relaciones comerciales. Te ayudamos a estructurar y negociar acuerdos precisos, biling\u00fces y dise\u00f1ados para minimizar riesgos, tanto a nivel local como internacional.<\/p>\n\n\n\n<div class=\"wp-block-uagb-container uagb-block-41f5af5a alignfull uagb-is-root-container\"><div class=\"uagb-container-inner-blocks-wrap\">\n<div class=\"wp-block-uagb-container uagb-block-76251c7e\">\n<div class=\"wp-block-uagb-info-box uagb-block-e761c37c uagb-infobox__content-wrap  uagb-infobox-icon-above-title uagb-infobox-image-valign-top\"><div class=\"uagb-ifb-content\"><div class=\"uagb-ifb-icon-wrap\"><svg xmlns=\"https:\/\/www.w3.org\/2000\/svg\" viewbox=\"0 0 512 512\"><path d=\"M368.4 18.34C390.3-3.526 425.7-3.526 447.6 18.34L493.7 64.4C515.5 86.27 515.5 121.7 493.7 143.6L437.9 199.3L312.7 74.06L368.4 18.34zM417.4 224L371.4 377.3C365.4 397.2 350.2 413 330.5 419.6L66.17 508.2C54.83 512 42.32 509.2 33.74 500.9L187.3 347.3C193.6 350.3 200.6 352 207.1 352C234.5 352 255.1 330.5 255.1 304C255.1 277.5 234.5 256 207.1 256C181.5 256 159.1 277.5 159.1 304C159.1 311.4 161.7 318.4 164.7 324.7L11.11 478.3C2.809 469.7-.04 457.2 3.765 445.8L92.39 181.5C98.1 161.8 114.8 146.6 134.7 140.6L287.1 94.6L417.4 224z\"><\/path><\/svg><\/div><div class=\"uagb-ifb-title-wrap\"><h3 class=\"uagb-ifb-title\">Redacci\u00f3n &amp; revisi\u00f3n<\/h3><\/div><\/div><\/div>\n<\/div>\n\n\n\n<div class=\"wp-block-uagb-container uagb-block-64ce036e\">\n<div class=\"wp-block-uagb-info-box uagb-block-e28eedec uagb-infobox__content-wrap  uagb-infobox-icon-above-title uagb-infobox-image-valign-top\"><div class=\"uagb-ifb-content\"><div class=\"uagb-ifb-icon-wrap\"><svg xmlns=\"https:\/\/www.w3.org\/2000\/svg\" viewbox=\"0 0 640 512\"><path d=\"M448 164C459 164 468 172.1 468 184V188H528C539 188 548 196.1 548 208C548 219 539 228 528 228H526L524.4 232.5C515.5 256.1 501.9 279.1 484.7 297.9C485.6 298.4 486.5 298.1 487.4 299.5L506.3 310.8C515.8 316.5 518.8 328.8 513.1 338.3C507.5 347.8 495.2 350.8 485.7 345.1L466.8 333.8C462.4 331.1 457.1 328.3 453.7 325.3C443.2 332.8 431.8 339.3 419.8 344.7L416.1 346.3C406 350.8 394.2 346.2 389.7 336.1C385.2 326 389.8 314.2 399.9 309.7L403.5 308.1C409.9 305.2 416.1 301.1 422 298.3L409.9 286.1C402 278.3 402 265.7 409.9 257.9C417.7 250 430.3 250 438.1 257.9L452.7 272.4L453.3 272.1C465.7 259.9 475.8 244.7 483.1 227.1H376C364.1 227.1 356 219 356 207.1C356 196.1 364.1 187.1 376 187.1H428V183.1C428 172.1 436.1 163.1 448 163.1L448 164zM160 233.2L179 276H140.1L160 233.2zM0 128C0 92.65 28.65 64 64 64H576C611.3 64 640 92.65 640 128V384C640 419.3 611.3 448 576 448H64C28.65 448 0 419.3 0 384V128zM320 384H576V128H320V384zM178.3 175.9C175.1 168.7 167.9 164 160 164C152.1 164 144.9 168.7 141.7 175.9L77.72 319.9C73.24 329.1 77.78 341.8 87.88 346.3C97.97 350.8 109.8 346.2 114.3 336.1L123.2 315.1H196.8L205.7 336.1C210.2 346.2 222 350.8 232.1 346.3C242.2 341.8 246.8 329.1 242.3 319.9L178.3 175.9z\"><\/path><\/svg><\/div><div class=\"uagb-ifb-title-wrap\"><h3 class=\"uagb-ifb-title\">Biling\u00fces (EN\/ES)<\/h3><\/div><\/div><\/div>\n<\/div>\n\n\n\n<div class=\"wp-block-uagb-container uagb-block-1963882a\">\n<div class=\"wp-block-uagb-info-box uagb-block-05597bb6 uagb-infobox__content-wrap  uagb-infobox-icon-above-title uagb-infobox-image-valign-top\"><div class=\"uagb-ifb-content\"><div class=\"uagb-ifb-icon-wrap\"><svg xmlns=\"https:\/\/www.w3.org\/2000\/svg\" viewbox=\"0 0 448 512\"><path d=\"M240 97.25C232.3 104.8 219.3 131.8 216.6 176h46.88C260.8 131.8 247.8 104.8 240 97.25zM334.4 176c-5.25-31.25-25.62-57.13-53.25-70.38C288.8 124.6 293.8 149 295.3 176H334.4zM334.4 208h-39.13c-1.5 27-6.5 51.38-14.12 70.38C308.8 265.1 329.1 239.3 334.4 208zM263.4 208H216.5C219.3 252.3 232.3 279.3 240 286.8C247.8 279.3 260.8 252.3 263.4 208zM198.9 105.6C171.3 118.9 150.9 144.8 145.6 176h39.13C186.3 149 191.3 124.6 198.9 105.6zM448 336v-288C448 21.49 426.5 0 400 0H96C42.98 0 0 42.98 0 96v320c0 53.02 42.98 96 96 96h320c17.67 0 32-14.33 32-32c0-11.72-6.607-21.52-16-27.1v-81.36C441.8 362.8 448 350.2 448 336zM240 64c70.75 0 128 57.25 128 128s-57.25 128-128 128s-128-57.25-128-128S169.3 64 240 64zM384 448H96c-17.67 0-32-14.33-32-32c0-17.67 14.33-32 32-32h288V448zM198.9 278.4C191.3 259.4 186.3 235 184.8 208H145.6C150.9 239.3 171.3 265.1 198.9 278.4z\"><\/path><\/svg><\/div><div class=\"uagb-ifb-title-wrap\"><h3 class=\"uagb-ifb-title\">Acuerdos globales<\/h3><\/div><\/div><\/div>\n<\/div>\n<\/div><\/div>\n\n\n\n<div class=\"wp-block-uagb-container uagb-block-24086b9b alignfull uagb-is-root-container\"><div class=\"uagb-container-inner-blocks-wrap\"><\/div><\/div>\n\n\n\n<div class=\"wp-block-uagb-container uagb-block-1076d832 alignfull uagb-is-root-container\"><div class=\"uagb-container-inner-blocks-wrap\">\n<div class=\"wp-block-uagb-buttons uagb-buttons__outer-wrap uagb-btn__default-btn uagb-btn-tablet__default-btn uagb-btn-mobile__default-btn uagb-block-aa43946f\"><div class=\"uagb-buttons__wrap uagb-buttons-layout-wrap\">\n<div class=\"wp-block-uagb-buttons-child uagb-buttons__outer-wrap uagb-block-af29a137 wp-block-button\"><div class=\"uagb-button__wrapper\"><a class=\"uagb-buttons-repeater wp-block-button__link\" aria-label=\"\" href=\"https:\/\/calendly.com\/juliana-colombialegaledge\/30min\" rel=\"follow noopener\" target=\"_self\" role=\"button\"><div class=\"uagb-button__link\">Agenda una consulta gratuita<\/div><\/a><\/div><\/div>\n<\/div><\/div>\n<\/div><\/div>\n\n\n\n<div class=\"wp-block-uagb-container uagb-block-8b16dd68 alignfull uagb-is-root-container\"><div class=\"uagb-container-inner-blocks-wrap\">\n<h2 class=\"wp-block-heading has-text-align-center\" style=\"margin-top:var(--wp--preset--spacing--50);margin-right:0;margin-bottom:var(--wp--preset--spacing--50);margin-left:0;padding-right:0;padding-left:0\">Caso de estudio<\/h2>\n<\/div><\/div>\n\n\n\n<div class=\"wp-block-uagb-content-timeline uagb-timeline__outer-wrap uagb-block-5fa206ac uagb-timeline__content-wrap uagb-timeline__center-block  uagb-timeline__arrow-center uagb-timeline\">\n<article class=\"wp-block-uagb-content-timeline-child uagb-timeline__field uagb-timeline-child-60146a3b uagb-timeline__right\"><div class=\"uagb-timeline__marker out-view-uagb-timeline__icon\"><svg xmlns=\"\" viewbox=\"0 0 256 512\"><\/svg><\/div><div class=\"uagb-timeline__day-new uagb-timeline__day-right uagb-timeline__events-inner-new\"><div class=\"uagb-timeline__events-inner--content\"><h4 class=\"uagb-timeline__heading\">James es un emprendedor de tecnolog\u00eda que desarroll\u00f3 un software revolucionario<\/h4><p class=\"uagb-timeline-desc-content\">\u00c9l odia leer contratos. James necesita moverse r\u00e1pido para ganarle a sus competidores en el mercado, as\u00ed que descarga un NDA cualquiera y contrata a Juan, su primer desarrollador junior colombiano. Juan y James firman el NDA y comienzan a trabajar juntos. <\/p><div class=\"uagb-timeline__arrow\"><\/div><\/div><\/div><div class=\"uagb-timeline__date-new\"><\/div><\/article>\n\n\n\n<article class=\"wp-block-uagb-content-timeline-child uagb-timeline__field uagb-timeline-child-f583c25c uagb-timeline__left\"><div class=\"uagb-timeline__marker out-view-uagb-timeline__icon\"><svg xmlns=\"\" viewbox=\"0 0 256 512\"><\/svg><\/div><div class=\"uagb-timeline__day-new uagb-timeline__day-left uagb-timeline__events-inner-new\"><div class=\"uagb-timeline__events-inner--content\"><h4 class=\"uagb-timeline__heading\">Juan r\u00e1pidamente se da cuenta del potencial del software de James <\/h4><p class=\"uagb-timeline-desc-content\">La novia de Juan, Sara, es abogada. Ella le se\u00f1ala que Juan no est\u00e1 cubierto por la obligaci\u00f3n de confidencialidad, ya que es un contratista y no un empleado, y el NDA de James solo aplica para empleados con un contrato laboral.<\/p><div class=\"uagb-timeline__arrow\"><\/div><\/div><\/div><div class=\"uagb-timeline__date-new\"><\/div><\/article>\n\n\n\n<article class=\"wp-block-uagb-content-timeline-child uagb-timeline__field uagb-timeline-child-3fbccf24 uagb-timeline__right\"><div class=\"uagb-timeline__marker out-view-uagb-timeline__icon\"><svg xmlns=\"\" viewbox=\"0 0 256 512\"><\/svg><\/div><div class=\"uagb-timeline__day-new uagb-timeline__day-right uagb-timeline__events-inner-new\"><div class=\"uagb-timeline__events-inner--content\"><h4 class=\"uagb-timeline__heading\">James, lamentablemente, est\u00e1 en problemas.<\/h4><p class=\"uagb-timeline-desc-content\">Aunque intenta contraatacar y recuperar unos centavos durante uno de los procesos legales, el juez de su caso insiste en que hay poco o nada que se pueda hacer\u2026 salvo aprender una lecci\u00f3n muy valiosa:<\/p><div class=\"uagb-timeline__arrow\"><\/div><\/div><\/div><div class=\"uagb-timeline__date-new\"><\/div><\/article>\n<div class=\"uagb-timeline__line\"><div class=\"uagb-timeline__line__inner\"><\/div><\/div><\/div>\n\n\n\n<div class=\"wp-block-uagb-container uagb-block-730bc25e alignfull uagb-is-root-container\"><div class=\"uagb-container-inner-blocks-wrap\"><\/div><\/div>\n\n\n\n<div class=\"wp-block-uagb-container uagb-block-006e1893 alignfull uagb-is-root-container\"><div class=\"uagb-container-inner-blocks-wrap\">\n<div class=\"wp-block-uagb-info-box uagb-block-963137dc uagb-infobox__content-wrap  uagb-infobox-icon-above-title uagb-infobox-image-valign-top\"><div class=\"uagb-ifb-content\"><div class=\"uagb-ifb-title-wrap\"><h3 class=\"uagb-ifb-title\">Nunca firmes un acuerdo hasta estar 100% seguro de c\u00f3mo protege tu negocio y hasta qu\u00e9 punto lo hace. Una vez firmado, dar marcha atr\u00e1s puede convertirse en una pesadilla costosa. <\/h3><\/div><\/div><\/div>\n<\/div><\/div>\n\n\n\n<p><\/p>","protected":false},"excerpt":{"rendered":"<p>Commercial Contracts Contracts shape business relationships. We help structure and negotiate commercial agreements that are precise, bilingual, and built to [&hellip;]<\/p>","protected":false},"author":1,"featured_media":0,"parent":74,"menu_order":0,"comment_status":"closed","ping_status":"closed","template":"","meta":{"_surecart_dashboard_logo_width":"180px","_surecart_dashboard_show_logo":true,"_surecart_dashboard_navigation_orders":true,"_surecart_dashboard_navigation_invoices":true,"_surecart_dashboard_navigation_subscriptions":true,"_surecart_dashboard_navigation_downloads":true,"_surecart_dashboard_navigation_billing":true,"_surecart_dashboard_navigation_account":true,"_uag_custom_page_level_css":"","site-sidebar-layout":"default","site-content-layout":"","ast-site-content-layout":"default","site-content-style":"default","site-sidebar-style":"default","ast-global-header-display":"","ast-banner-title-visibility":"","ast-main-header-display":"","ast-hfb-above-header-display":"","ast-hfb-below-header-display":"","ast-hfb-mobile-header-display":"","site-post-title":"","ast-breadcrumbs-content":"","ast-featured-img":"","footer-sml-layout":"","ast-disable-related-posts":"","theme-transparent-header-meta":"","adv-header-id-meta":"","stick-header-meta":"","header-above-stick-meta":"","header-main-stick-meta":"","header-below-stick-meta":"","astra-migrate-meta-layouts":"set","ast-page-background-enabled":"default","ast-page-background-meta":{"desktop":{"background-color":"var(--ast-global-color-4)","background-image":"","background-repeat":"repeat","background-position":"center center","background-size":"auto","background-attachment":"scroll","background-type":"","background-media":"","overlay-type":"","overlay-color":"","overlay-opacity":"","overlay-gradient":""},"tablet":{"background-color":"","background-image":"","background-repeat":"repeat","background-position":"center center","background-size":"auto","background-attachment":"scroll","background-type":"","background-media":"","overlay-type":"","overlay-color":"","overlay-opacity":"","overlay-gradient":""},"mobile":{"background-color":"","background-image":"","background-repeat":"repeat","background-position":"center center","background-size":"auto","background-attachment":"scroll","background-type":"","background-media":"","overlay-type":"","overlay-color":"","overlay-opacity":"","overlay-gradient":""}},"ast-content-background-meta":{"desktop":{"background-color":"var(--ast-global-color-5)","background-image":"","background-repeat":"repeat","background-position":"center center","background-size":"auto","background-attachment":"scroll","background-type":"","background-media":"","overlay-type":"","overlay-color":"","overlay-opacity":"","overlay-gradient":""},"tablet":{"background-color":"var(--ast-global-color-5)","background-image":"","background-repeat":"repeat","background-position":"center center","background-size":"auto","background-attachment":"scroll","background-type":"","background-media":"","overlay-type":"","overlay-color":"","overlay-opacity":"","overlay-gradient":""},"mobile":{"background-color":"var(--ast-global-color-5)","background-image":"","background-repeat":"repeat","background-position":"center center","background-size":"auto","background-attachment":"scroll","background-type":"","background-media":"","overlay-type":"","overlay-color":"","overlay-opacity":"","overlay-gradient":""}},"footnotes":""},"class_list":["post-1378","page","type-page","status-publish","hentry"],"yoast_head":"<!-- This site is optimized with the Yoast SEO plugin v27.4 - https:\/\/yoast.com\/product\/yoast-seo-wordpress\/ -->\n<title>Commercial Contracts - Colombia Legal Edge<\/title>\n<meta name=\"robots\" content=\"index, follow, max-snippet:-1, max-image-preview:large, max-video-preview:-1\" \/>\n<link rel=\"canonical\" href=\"https:\/\/colombialegaledge.co\/es\/services\/commercial-contracts\/\" \/>\n<meta property=\"og:locale\" content=\"es_ES\" \/>\n<meta property=\"og:type\" content=\"article\" \/>\n<meta property=\"og:title\" content=\"Commercial Contracts - Colombia Legal Edge\" \/>\n<meta property=\"og:description\" content=\"Commercial Contracts Contracts shape business relationships. We help structure and negotiate commercial agreements that are precise, bilingual, and built to [&hellip;]\" \/>\n<meta property=\"og:url\" content=\"https:\/\/colombialegaledge.co\/es\/services\/commercial-contracts\/\" \/>\n<meta property=\"og:site_name\" content=\"Colombia Legal Edge\" \/>\n<meta property=\"article:modified_time\" content=\"2025-07-28T13:19:18+00:00\" \/>\n<meta name=\"twitter:card\" content=\"summary_large_image\" \/>\n<meta name=\"twitter:label1\" content=\"Tiempo de lectura\" \/>\n\t<meta name=\"twitter:data1\" content=\"1 minuto\" \/>\n<script type=\"application\/ld+json\" class=\"yoast-schema-graph\">{\"@context\":\"https:\\\/\\\/schema.org\",\"@graph\":[{\"@type\":\"WebPage\",\"@id\":\"https:\\\/\\\/colombialegaledge.co\\\/services\\\/commercial-contracts\\\/\",\"url\":\"https:\\\/\\\/colombialegaledge.co\\\/en\\\/services\\\/commercial-contracts\\\/\",\"name\":\"Commercial Contracts - Colombia Legal Edge\",\"isPartOf\":{\"@id\":\"https:\\\/\\\/colombialegaledge.co\\\/#website\"},\"datePublished\":\"2025-07-11T16:16:28+00:00\",\"dateModified\":\"2025-07-28T13:19:18+00:00\",\"breadcrumb\":{\"@id\":\"https:\\\/\\\/colombialegaledge.co\\\/en\\\/services\\\/commercial-contracts\\\/#breadcrumb\"},\"inLanguage\":\"es-CO\",\"potentialAction\":[{\"@type\":\"ReadAction\",\"target\":[\"https:\\\/\\\/colombialegaledge.co\\\/en\\\/services\\\/commercial-contracts\\\/\"]}]},{\"@type\":\"BreadcrumbList\",\"@id\":\"https:\\\/\\\/colombialegaledge.co\\\/en\\\/services\\\/commercial-contracts\\\/#breadcrumb\",\"itemListElement\":[{\"@type\":\"ListItem\",\"position\":1,\"name\":\"Home\",\"item\":\"https:\\\/\\\/colombialegaledge.co\\\/\"},{\"@type\":\"ListItem\",\"position\":2,\"name\":\"Services\",\"item\":\"https:\\\/\\\/colombialegaledge.co\\\/services\\\/\"},{\"@type\":\"ListItem\",\"position\":3,\"name\":\"Commercial Contracts\"}]},{\"@type\":\"WebSite\",\"@id\":\"https:\\\/\\\/colombialegaledge.co\\\/#website\",\"url\":\"https:\\\/\\\/colombialegaledge.co\\\/\",\"name\":\"Colombia Legal Edge\",\"description\":\"Legal Expertise for Doing Business in Colombia\",\"publisher\":{\"@id\":\"https:\\\/\\\/colombialegaledge.co\\\/#organization\"},\"potentialAction\":[{\"@type\":\"SearchAction\",\"target\":{\"@type\":\"EntryPoint\",\"urlTemplate\":\"https:\\\/\\\/colombialegaledge.co\\\/?s={search_term_string}\"},\"query-input\":{\"@type\":\"PropertyValueSpecification\",\"valueRequired\":true,\"valueName\":\"search_term_string\"}}],\"inLanguage\":\"es-CO\"},{\"@type\":\"Organization\",\"@id\":\"https:\\\/\\\/colombialegaledge.co\\\/#organization\",\"name\":\"Colombia Legal Edge\",\"url\":\"https:\\\/\\\/colombialegaledge.co\\\/\",\"logo\":{\"@type\":\"ImageObject\",\"inLanguage\":\"es-CO\",\"@id\":\"https:\\\/\\\/colombialegaledge.co\\\/#\\\/schema\\\/logo\\\/image\\\/\",\"url\":\"https:\\\/\\\/colombialegaledge.co\\\/wp-content\\\/uploads\\\/2025\\\/07\\\/CLE-1.svg\",\"contentUrl\":\"https:\\\/\\\/colombialegaledge.co\\\/wp-content\\\/uploads\\\/2025\\\/07\\\/CLE-1.svg\",\"caption\":\"Colombia Legal Edge\"},\"image\":{\"@id\":\"https:\\\/\\\/colombialegaledge.co\\\/#\\\/schema\\\/logo\\\/image\\\/\"}}]}<\/script>\n<!-- \/ Yoast SEO plugin. -->","yoast_head_json":{"title":"Commercial Contracts - Colombia Legal Edge","robots":{"index":"index","follow":"follow","max-snippet":"max-snippet:-1","max-image-preview":"max-image-preview:large","max-video-preview":"max-video-preview:-1"},"canonical":"https:\/\/colombialegaledge.co\/es\/services\/commercial-contracts\/","og_locale":"es_ES","og_type":"article","og_title":"Commercial Contracts - Colombia Legal Edge","og_description":"Commercial Contracts Contracts shape business relationships. We help structure and negotiate commercial agreements that are precise, bilingual, and built to [&hellip;]","og_url":"https:\/\/colombialegaledge.co\/es\/services\/commercial-contracts\/","og_site_name":"Colombia Legal Edge","article_modified_time":"2025-07-28T13:19:18+00:00","twitter_card":"summary_large_image","twitter_misc":{"Tiempo de lectura":"1 minuto"},"schema":{"@context":"https:\/\/schema.org","@graph":[{"@type":"WebPage","@id":"https:\/\/colombialegaledge.co\/services\/commercial-contracts\/","url":"https:\/\/colombialegaledge.co\/en\/services\/commercial-contracts\/","name":"Commercial Contracts - Colombia Legal Edge","isPartOf":{"@id":"https:\/\/colombialegaledge.co\/#website"},"datePublished":"2025-07-11T16:16:28+00:00","dateModified":"2025-07-28T13:19:18+00:00","breadcrumb":{"@id":"https:\/\/colombialegaledge.co\/en\/services\/commercial-contracts\/#breadcrumb"},"inLanguage":"es-CO","potentialAction":[{"@type":"ReadAction","target":["https:\/\/colombialegaledge.co\/en\/services\/commercial-contracts\/"]}]},{"@type":"BreadcrumbList","@id":"https:\/\/colombialegaledge.co\/en\/services\/commercial-contracts\/#breadcrumb","itemListElement":[{"@type":"ListItem","position":1,"name":"Home","item":"https:\/\/colombialegaledge.co\/"},{"@type":"ListItem","position":2,"name":"Services","item":"https:\/\/colombialegaledge.co\/services\/"},{"@type":"ListItem","position":3,"name":"Commercial Contracts"}]},{"@type":"WebSite","@id":"https:\/\/colombialegaledge.co\/#website","url":"https:\/\/colombialegaledge.co\/","name":"Colombia Legal Edge","description":"Legal Expertise for Doing Business in Colombia","publisher":{"@id":"https:\/\/colombialegaledge.co\/#organization"},"potentialAction":[{"@type":"SearchAction","target":{"@type":"EntryPoint","urlTemplate":"https:\/\/colombialegaledge.co\/?s={search_term_string}"},"query-input":{"@type":"PropertyValueSpecification","valueRequired":true,"valueName":"search_term_string"}}],"inLanguage":"es-CO"},{"@type":"Organization","@id":"https:\/\/colombialegaledge.co\/#organization","name":"Colombia Legal Edge","url":"https:\/\/colombialegaledge.co\/","logo":{"@type":"ImageObject","inLanguage":"es-CO","@id":"https:\/\/colombialegaledge.co\/#\/schema\/logo\/image\/","url":"https:\/\/colombialegaledge.co\/wp-content\/uploads\/2025\/07\/CLE-1.svg","contentUrl":"https:\/\/colombialegaledge.co\/wp-content\/uploads\/2025\/07\/CLE-1.svg","caption":"Colombia Legal Edge"},"image":{"@id":"https:\/\/colombialegaledge.co\/#\/schema\/logo\/image\/"}}]}},"uagb_featured_image_src":{"full":false,"thumbnail":false,"medium":false,"medium_large":false,"large":false,"1536x1536":false,"2048x2048":false,"trp-custom-language-flag":false},"uagb_author_info":{"display_name":"salazar.b.juliana@gmail.com","author_link":"https:\/\/colombialegaledge.co\/es\/author\/salazar-b-julianagmail-com\/"},"uagb_comment_info":0,"uagb_excerpt":"Commercial Contracts Contracts shape business relationships. We help structure and negotiate commercial agreements that are precise, bilingual, and built to [&hellip;]","_links":{"self":[{"href":"https:\/\/colombialegaledge.co\/es\/wp-json\/wp\/v2\/pages\/1378","targetHints":{"allow":["GET"]}}],"collection":[{"href":"https:\/\/colombialegaledge.co\/es\/wp-json\/wp\/v2\/pages"}],"about":[{"href":"https:\/\/colombialegaledge.co\/es\/wp-json\/wp\/v2\/types\/page"}],"author":[{"embeddable":true,"href":"https:\/\/colombialegaledge.co\/es\/wp-json\/wp\/v2\/users\/1"}],"replies":[{"embeddable":true,"href":"https:\/\/colombialegaledge.co\/es\/wp-json\/wp\/v2\/comments?post=1378"}],"version-history":[{"count":21,"href":"https:\/\/colombialegaledge.co\/es\/wp-json\/wp\/v2\/pages\/1378\/revisions"}],"predecessor-version":[{"id":1756,"href":"https:\/\/colombialegaledge.co\/es\/wp-json\/wp\/v2\/pages\/1378\/revisions\/1756"}],"up":[{"embeddable":true,"href":"https:\/\/colombialegaledge.co\/es\/wp-json\/wp\/v2\/pages\/74"}],"wp:attachment":[{"href":"https:\/\/colombialegaledge.co\/es\/wp-json\/wp\/v2\/media?parent=1378"}],"curies":[{"name":"wp","href":"https:\/\/api.w.org\/{rel}","templated":true}]}}